{"id":778,"date":"2019-03-08T14:04:30","date_gmt":"2019-03-08T13:04:30","guid":{"rendered":"https:\/\/2019.sfirion.de\/?page_id=778"},"modified":"2022-05-17T10:57:31","modified_gmt":"2022-05-17T08:57:31","slug":"software","status":"publish","type":"page","link":"https:\/\/www.sfirion.de\/en\/software\/","title":{"rendered":"Software"},"content":{"rendered":"<section class=\"l-section wpb_row us_custom_7c65168a height_small with_img\"><div class=\"l-section-img\" role=\"img\" aria-label=\"Image\" data-img-width=\"1920\" data-img-height=\"950\" style=\"background-image: url(https:\/\/www.sfirion.de\/wp-content\/uploads\/2021\/02\/software_header.jpg);\"><\/div><div class=\"l-section-h i-cf\"><div class=\"g-cols vc_row via_flex valign_top type_default stacking_default\"><div class=\"vc_col-sm-12 wpb_column vc_column_container\"><div class=\"vc_column-inner\"><div class=\"wpb_wrapper\"><\/div><\/div><\/div><\/div><\/div><\/section><section class=\"l-section wpb_row height_small\"><div class=\"l-section-h i-cf\"><div class=\"g-cols vc_row via_flex valign_top type_default stacking_default\"><div class=\"vc_col-sm-12 wpb_column vc_column_container\"><div class=\"vc_column-inner\"><div class=\"wpb_wrapper\"><div class=\"ult-spacer spacer-69fb3b80beaec\" data-id=\"69fb3b80beaec\" data-height=\"20\" data-height-mobile=\"20\" data-height-tab=\"20\" data-height-tab-portrait=\"\" data-height-mobile-landscape=\"\" style=\"clear:both;display:block;\"><\/div><div class=\"wpb_text_column\"><div class=\"wpb_wrapper\"><h1><span style=\"color: #033799;\">L\u00d6SUNGEN F\u00dcR ZUKUNFTSORIENTIERTES BAUEN<\/span><\/h1>\n<\/div><\/div><\/div><\/div><\/div><\/div><\/div><\/section><section class=\"l-section wpb_row height_small\"><div class=\"l-section-h i-cf\"><div class=\"g-cols vc_row via_flex valign_top type_default stacking_default\" style=\"--additional-gap:2;\"><div class=\"vc_col-sm-12 wpb_column vc_column_container has_bg_color\"><div class=\"vc_column-inner us_custom_4fb9e5a3\"><div class=\"wpb_wrapper\"><div class=\"w-image align_center\"><div class=\"w-image-h\"><img decoding=\"async\" width=\"300\" height=\"300\" src=\"https:\/\/www.sfirion.de\/wp-content\/uploads\/2021\/11\/sfirion_BimApp_512-1-300x300.png\" class=\"attachment-medium size-medium\" alt=\"\" loading=\"lazy\" srcset=\"https:\/\/www.sfirion.de\/wp-content\/uploads\/2021\/11\/sfirion_BimApp_512-1-300x300.png 300w, https:\/\/www.sfirion.de\/wp-content\/uploads\/2021\/11\/sfirion_BimApp_512-1-150x150.png 150w, https:\/\/www.sfirion.de\/wp-content\/uploads\/2021\/11\/sfirion_BimApp_512-1-64x64.png 64w, https:\/\/www.sfirion.de\/wp-content\/uploads\/2021\/11\/sfirion_BimApp_512-1-400x400.png 400w, https:\/\/www.sfirion.de\/wp-content\/uploads\/2021\/11\/sfirion_BimApp_512-1.png 512w\" sizes=\"auto, (max-width: 300px) 100vw, 300px\" \/><\/div><\/div><div id=\"ultimate-heading-794969fb3b80c0641\" class=\"uvc-heading ult-adjust-bottom-margin ultimate-heading-794969fb3b80c0641 uvc-1289 \" data-hspacer=\"no_spacer\"  data-halign=\"center\" style=\"text-align:center\"><div class=\"uvc-heading-spacer no_spacer\" style=\"top\"><\/div><div class=\"uvc-main-heading ult-responsive\"  data-ultimate-target='.uvc-heading.ultimate-heading-794969fb3b80c0641 h5'  data-responsive-json-new='{\"font-size\":\"\",\"line-height\":\"\"}' ><h5 style=\"font-weight:normal;margin-top:20px;margin-bottom:20px;\">sfirion BIM<\/h5><\/div><div class=\"uvc-sub-heading ult-responsive\"  data-ultimate-target='.uvc-heading.ultimate-heading-794969fb3b80c0641 .uvc-sub-heading '  data-responsive-json-new='{\"font-size\":\"\",\"line-height\":\"\"}'  style=\"font-weight:normal;margin-top:0px;margin-bottom:20px;\">Ihr <strong>BIM<\/strong>-Projekt f\u00fcr die Hosentasche!<\/div><\/div><div class=\" ubtn-ctn-center \"><a class=\"ubtn-link ult-adjust-bottom-margin ubtn-center ubtn-normal \" href=\"https:\/\/www.sfirion.de\/bim\/\" title=\"sfirion BIM\" ><button type=\"button\" id=\"ubtn-3302\"  class=\"ubtn ult-adjust-bottom-margin ult-responsive ubtn-normal ubtn-fade-bg  ulta-grow  ubtn-center   tooltip-69fb3b80c06c0\"  data-hover=\"#ffffff\" data-border-color=\"\" data-bg=\"#e0e0e0\" data-hover-bg=\"#004e9e\" data-border-hover=\"\" data-shadow-hover=\"\" data-shadow-click=\"none\" data-shadow=\"\" data-shd-shadow=\"\"  data-ultimate-target='#ubtn-3302'  data-responsive-json-new='{\"font-size\":\"\",\"line-height\":\"\"}'  style=\"font-weight:normal;border:none;background: #e0e0e0;color: #000000;\"><span class=\"ubtn-data ubtn-icon\"><i class=\"none\" style=\"font-size:20px;color:;\"><\/i><\/span><span class=\"ubtn-hover\" style=\"background-color:#004e9e\"><\/span><span class=\"ubtn-data ubtn-text \" >Mehr Infos...<\/span><\/button><\/a><\/div><\/div><\/div><\/div><\/div><\/div><\/section><!-- Row Backgrounds --><div class=\"upb_color\" data-bg-override=\"0\" data-bg-color=\"#ffffff\" data-fadeout=\"\" data-fadeout-percentage=\"30\" data-parallax-content=\"\" data-parallax-content-sense=\"30\" data-row-effect-mobile-disable=\"true\" data-img-parallax-mobile-disable=\"true\" data-rtl=\"false\"  data-custom-vc-row=\"\"  data-vc=\"8.7.2\"  data-is_old_vc=\"\"  data-theme-support=\"\"   data-overlay=\"false\" data-overlay-color=\"\" data-overlay-pattern=\"\" data-overlay-pattern-opacity=\"\" data-overlay-pattern-size=\"\"    ><\/div><section class=\"l-section wpb_row height_small\"><div class=\"l-section-h i-cf\"><div class=\"g-cols vc_row via_flex valign_top type_default stacking_default\" style=\"--additional-gap:2;\"><div class=\"vc_col-sm-6 wpb_column vc_column_container has_bg_color\"><div class=\"vc_column-inner us_custom_4fb9e5a3\"><div class=\"wpb_wrapper\"><div class=\"w-image align_center\"><div class=\"w-image-h\"><img decoding=\"async\" width=\"64\" height=\"64\" src=\"https:\/\/www.sfirion.de\/wp-content\/uploads\/2019\/11\/sfirion_Archiv-64x64.png\" class=\"attachment-us_64_64 size-us_64_64\" alt=\"\" loading=\"lazy\" srcset=\"https:\/\/www.sfirion.de\/wp-content\/uploads\/2019\/11\/sfirion_Archiv-64x64.png 64w, https:\/\/www.sfirion.de\/wp-content\/uploads\/2019\/11\/sfirion_Archiv-300x300.png 300w, https:\/\/www.sfirion.de\/wp-content\/uploads\/2019\/11\/sfirion_Archiv-1024x1024.png 1024w, https:\/\/www.sfirion.de\/wp-content\/uploads\/2019\/11\/sfirion_Archiv-150x150.png 150w, https:\/\/www.sfirion.de\/wp-content\/uploads\/2019\/11\/sfirion_Archiv-1536x1536.png 1536w, https:\/\/www.sfirion.de\/wp-content\/uploads\/2019\/11\/sfirion_Archiv-343x350.png 343w, https:\/\/www.sfirion.de\/wp-content\/uploads\/2019\/11\/sfirion_Archiv-799x799.png 799w, https:\/\/www.sfirion.de\/wp-content\/uploads\/2019\/11\/sfirion_Archiv-800x801.png 800w, https:\/\/www.sfirion.de\/wp-content\/uploads\/2019\/11\/sfirion_Archiv-797x800.png 797w, https:\/\/www.sfirion.de\/wp-content\/uploads\/2019\/11\/sfirion_Archiv-600x600.png 600w, https:\/\/www.sfirion.de\/wp-content\/uploads\/2019\/11\/sfirion_Archiv-400x400.png 400w, https:\/\/www.sfirion.de\/wp-content\/uploads\/2019\/11\/sfirion_Archiv.png 1920w\" sizes=\"auto, (max-width: 64px) 100vw, 64px\" \/><\/div><\/div><div id=\"ultimate-heading-530769fb3b80c13b3\" class=\"uvc-heading ult-adjust-bottom-margin ultimate-heading-530769fb3b80c13b3 uvc-4640 \" data-hspacer=\"no_spacer\"  data-halign=\"center\" style=\"text-align:center\"><div class=\"uvc-heading-spacer no_spacer\" style=\"top\"><\/div><div class=\"uvc-main-heading ult-responsive\"  data-ultimate-target='.uvc-heading.ultimate-heading-530769fb3b80c13b3 h5'  data-responsive-json-new='{\"font-size\":\"\",\"line-height\":\"\"}' ><h5 style=\"font-weight:normal;margin-top:20px;margin-bottom:20px;\">ARCHIV<\/h5><\/div><div class=\"uvc-sub-heading ult-responsive\"  data-ultimate-target='.uvc-heading.ultimate-heading-530769fb3b80c13b3 .uvc-sub-heading '  data-responsive-json-new='{\"font-size\":\"\",\"line-height\":\"\"}'  style=\"font-weight:normal;margin-top:0px;margin-bottom:20px;\">DOKUMENTENMANAGEMENT<\/div><\/div><div class=\"wpb_text_column\"><div class=\"wpb_wrapper\"><p>Eine strukturierte Ablage erspart Zeit f\u00fcr das Suchen und verhindert das Verschwinden von Dokumenten, gew\u00e4hrt Ihnen einen Informationsvorteil und bildet die Basis f\u00fcr die Sicherung Ihrer Anspr\u00fcche.<\/p>\n<p>Mit sfirion Archiv dokumentieren Sie Ihr Projekt papierarm und effizient. Dokumente werden einfach erzeugt, strukturiert abgelegt und schnell wieder gefunden. Sie behalten den \u00dcberblick \u00fcber Planl\u00e4ufe, Protokolle und alle anderen wichtigen Dokumente Ihres Projektes.<\/p>\n<\/div><\/div><div class=\" ubtn-ctn-center \"><a class=\"ubtn-link ult-adjust-bottom-margin ubtn-center ubtn-normal \" href=\"https:\/\/www.sfirion.de\/archiv\/\" title=\"Software \u2013 Archiv\" ><button type=\"button\" id=\"ubtn-1755\"  class=\"ubtn ult-adjust-bottom-margin ult-responsive ubtn-normal ubtn-fade-bg  ulta-grow  ubtn-center   tooltip-69fb3b80c15ff\"  data-hover=\"#ffffff\" data-border-color=\"\" data-bg=\"#e0e0e0\" data-hover-bg=\"#004e9e\" data-border-hover=\"\" data-shadow-hover=\"\" data-shadow-click=\"none\" data-shadow=\"\" data-shd-shadow=\"\"  data-ultimate-target='#ubtn-1755'  data-responsive-json-new='{\"font-size\":\"\",\"line-height\":\"\"}'  style=\"font-weight:normal;border:none;background: #e0e0e0;color: #000000;\"><span class=\"ubtn-data ubtn-icon\"><i class=\"none\" style=\"font-size:20px;color:;\"><\/i><\/span><span class=\"ubtn-hover\" style=\"background-color:#004e9e\"><\/span><span class=\"ubtn-data ubtn-text \" >Mehr Infos...<\/span><\/button><\/a><\/div><\/div><\/div><\/div><div class=\"vc_col-sm-6 wpb_column vc_column_container has_bg_color\"><div class=\"vc_column-inner us_custom_4fb9e5a3\"><div class=\"wpb_wrapper\"><div class=\"w-image us_custom_4fb9e5a3 align_center has_bg_color\"><div class=\"w-image-h\"><img decoding=\"async\" width=\"64\" height=\"64\" src=\"https:\/\/www.sfirion.de\/wp-content\/uploads\/2019\/11\/sfirion_Budget-64x64.png\" class=\"attachment-us_64_64 size-us_64_64\" alt=\"\" loading=\"lazy\" srcset=\"https:\/\/www.sfirion.de\/wp-content\/uploads\/2019\/11\/sfirion_Budget-64x64.png 64w, https:\/\/www.sfirion.de\/wp-content\/uploads\/2019\/11\/sfirion_Budget-300x300.png 300w, https:\/\/www.sfirion.de\/wp-content\/uploads\/2019\/11\/sfirion_Budget-1024x1024.png 1024w, https:\/\/www.sfirion.de\/wp-content\/uploads\/2019\/11\/sfirion_Budget-150x150.png 150w, https:\/\/www.sfirion.de\/wp-content\/uploads\/2019\/11\/sfirion_Budget-1536x1536.png 1536w, https:\/\/www.sfirion.de\/wp-content\/uploads\/2019\/11\/sfirion_Budget-343x350.png 343w, https:\/\/www.sfirion.de\/wp-content\/uploads\/2019\/11\/sfirion_Budget-799x799.png 799w, https:\/\/www.sfirion.de\/wp-content\/uploads\/2019\/11\/sfirion_Budget-800x801.png 800w, https:\/\/www.sfirion.de\/wp-content\/uploads\/2019\/11\/sfirion_Budget-797x800.png 797w, https:\/\/www.sfirion.de\/wp-content\/uploads\/2019\/11\/sfirion_Budget-600x600.png 600w, https:\/\/www.sfirion.de\/wp-content\/uploads\/2019\/11\/sfirion_Budget-400x400.png 400w, https:\/\/www.sfirion.de\/wp-content\/uploads\/2019\/11\/sfirion_Budget.png 1920w\" sizes=\"auto, (max-width: 64px) 100vw, 64px\" \/><\/div><\/div><div id=\"ultimate-heading-558769fb3b80c1f02\" class=\"uvc-heading ult-adjust-bottom-margin ultimate-heading-558769fb3b80c1f02 uvc-7015 \" data-hspacer=\"no_spacer\"  data-halign=\"center\" style=\"text-align:center\"><div class=\"uvc-heading-spacer no_spacer\" style=\"top\"><\/div><div class=\"uvc-main-heading ult-responsive\"  data-ultimate-target='.uvc-heading.ultimate-heading-558769fb3b80c1f02 h5'  data-responsive-json-new='{\"font-size\":\"\",\"line-height\":\"\"}' ><h5 style=\"font-weight:normal;margin-top:20px;margin-bottom:20px;\">BUDGET<\/h5><\/div><div class=\"uvc-sub-heading ult-responsive\"  data-ultimate-target='.uvc-heading.ultimate-heading-558769fb3b80c1f02 .uvc-sub-heading '  data-responsive-json-new='{\"font-size\":\"\",\"line-height\":\"\"}'  style=\"font-weight:normal;margin-top:0px;margin-bottom:20px;\">KOSTENSTEUERUNG<\/div><\/div><div class=\"wpb_text_column\"><div class=\"wpb_wrapper\"><p>Durch die kontinuierliche Kostenkontrolle mit sfirion <i>budget<\/i> werden alle Abweichungen sofort sichtbar. Somit k\u00f6nnen Sie Korrekturma\u00dfnahmen umgehend einleiten, was entscheidend zur Kostensicherung und Risikominimierung Ihres Projektes beitr\u00e4gt.<\/p>\n<p>Sie greifen in allen Projektphasen auf einheitliche, projektbezogene definierte Daten zur\u00fcck und vermeiden somit Fehler und Mehrfacheingaben.<\/p>\n<\/div><\/div><div class=\" ubtn-ctn-center \"><a class=\"ubtn-link ult-adjust-bottom-margin ubtn-center ubtn-normal \" href=\"https:\/\/www.sfirion.de\/budget\/\" title=\"Software \u2013 Kostensteuerung\" ><button type=\"button\" id=\"ubtn-6371\"  class=\"ubtn ult-adjust-bottom-margin ult-responsive ubtn-normal ubtn-fade-bg  ulta-grow  ubtn-center   tooltip-69fb3b80c2125\"  data-hover=\"#ffffff\" data-border-color=\"\" data-bg=\"#e0e0e0\" data-hover-bg=\"#004e9e\" data-border-hover=\"\" data-shadow-hover=\"\" data-shadow-click=\"none\" data-shadow=\"\" data-shd-shadow=\"\"  data-ultimate-target='#ubtn-6371'  data-responsive-json-new='{\"font-size\":\"\",\"line-height\":\"\"}'  style=\"font-weight:normal;border:none;background: #e0e0e0;color: #000000;\"><span class=\"ubtn-data ubtn-icon\"><i class=\"none\" style=\"font-size:20px;color:;\"><\/i><\/span><span class=\"ubtn-hover\" style=\"background-color:#004e9e\"><\/span><span class=\"ubtn-data ubtn-text \" >Mehr Infos...<\/span><\/button><\/a><\/div><\/div><\/div><\/div><\/div><\/div><\/section><!-- Row Backgrounds --><div class=\"upb_color\" data-bg-override=\"0\" data-bg-color=\"#ffffff\" data-fadeout=\"\" data-fadeout-percentage=\"30\" data-parallax-content=\"\" data-parallax-content-sense=\"30\" data-row-effect-mobile-disable=\"true\" data-img-parallax-mobile-disable=\"true\" data-rtl=\"false\"  data-custom-vc-row=\"\"  data-vc=\"8.7.2\"  data-is_old_vc=\"\"  data-theme-support=\"\"   data-overlay=\"false\" data-overlay-color=\"\" data-overlay-pattern=\"\" data-overlay-pattern-opacity=\"\" data-overlay-pattern-size=\"\"    ><\/div><section class=\"l-section wpb_row height_small\"><div class=\"l-section-h i-cf\"><div class=\"g-cols vc_row via_flex valign_top type_default stacking_default\"><div class=\"vc_col-sm-6 wpb_column vc_column_container has_bg_color\"><div class=\"vc_column-inner us_custom_4fb9e5a3\"><div class=\"wpb_wrapper\"><div class=\"w-image align_center\"><div class=\"w-image-h\"><img decoding=\"async\" width=\"64\" height=\"64\" src=\"https:\/\/www.sfirion.de\/wp-content\/uploads\/2020\/04\/sfirion_Journal-64x64.png\" class=\"attachment-us_64_64 size-us_64_64\" alt=\"\" loading=\"lazy\" srcset=\"https:\/\/www.sfirion.de\/wp-content\/uploads\/2020\/04\/sfirion_Journal-64x64.png 64w, https:\/\/www.sfirion.de\/wp-content\/uploads\/2020\/04\/sfirion_Journal-300x300.png 300w, https:\/\/www.sfirion.de\/wp-content\/uploads\/2020\/04\/sfirion_Journal-1024x1024.png 1024w, https:\/\/www.sfirion.de\/wp-content\/uploads\/2020\/04\/sfirion_Journal-150x150.png 150w, https:\/\/www.sfirion.de\/wp-content\/uploads\/2020\/04\/sfirion_Journal-1536x1536.png 1536w, https:\/\/www.sfirion.de\/wp-content\/uploads\/2020\/04\/sfirion_Journal-343x350.png 343w, https:\/\/www.sfirion.de\/wp-content\/uploads\/2020\/04\/sfirion_Journal-799x799.png 799w, https:\/\/www.sfirion.de\/wp-content\/uploads\/2020\/04\/sfirion_Journal-800x801.png 800w, https:\/\/www.sfirion.de\/wp-content\/uploads\/2020\/04\/sfirion_Journal-797x800.png 797w, https:\/\/www.sfirion.de\/wp-content\/uploads\/2020\/04\/sfirion_Journal-600x600.png 600w, https:\/\/www.sfirion.de\/wp-content\/uploads\/2020\/04\/sfirion_Journal-400x400.png 400w, https:\/\/www.sfirion.de\/wp-content\/uploads\/2020\/04\/sfirion_Journal.png 1920w\" sizes=\"auto, (max-width: 64px) 100vw, 64px\" \/><\/div><\/div><div id=\"ultimate-heading-516569fb3b80c2c06\" class=\"uvc-heading ult-adjust-bottom-margin ultimate-heading-516569fb3b80c2c06 uvc-8856 \" data-hspacer=\"no_spacer\"  data-halign=\"center\" style=\"text-align:center\"><div class=\"uvc-heading-spacer no_spacer\" style=\"top\"><\/div><div class=\"uvc-main-heading ult-responsive\"  data-ultimate-target='.uvc-heading.ultimate-heading-516569fb3b80c2c06 h5'  data-responsive-json-new='{\"font-size\":\"\",\"line-height\":\"\"}' ><h5 style=\"font-weight:normal;margin-top:20px;margin-bottom:20px;\">JOURNAL<\/h5><\/div><div class=\"uvc-sub-heading ult-responsive\"  data-ultimate-target='.uvc-heading.ultimate-heading-516569fb3b80c2c06 .uvc-sub-heading '  data-responsive-json-new='{\"font-size\":\"\",\"line-height\":\"\"}'  style=\"font-weight:normal;margin-top:0px;margin-bottom:20px;\">BAUTAGEBUCH<\/div><\/div><div class=\"wpb_text_column\"><div class=\"wpb_wrapper\"><p>Mit sfirion journal dokumentieren Sie in k\u00fcrzester Zeit das Tagesgeschehen.<br \/>\nSie erfassen &#8211; basierend auf dem Vertragsterminplan &#8211; pr\u00e4zise und strukturiert alle wichtigen IST-Daten Ihres Projektes und erzeugen hieraus stichhaltige Tagesberichte.<\/p>\n<\/div><\/div><div class=\" ubtn-ctn-center \"><a class=\"ubtn-link ult-adjust-bottom-margin ubtn-center ubtn-normal \" href=\"https:\/\/www.sfirion.de\/software-bautagebuch\/\" title=\"Software \u2013 Bautagebuch\" ><button type=\"button\" id=\"ubtn-2272\"  class=\"ubtn ult-adjust-bottom-margin ult-responsive ubtn-normal ubtn-fade-bg  ulta-grow  ubtn-center   tooltip-69fb3b80c2e12\"  data-hover=\"#ffffff\" data-border-color=\"\" data-bg=\"#e0e0e0\" data-hover-bg=\"#004e9e\" data-border-hover=\"\" data-shadow-hover=\"\" data-shadow-click=\"none\" data-shadow=\"\" data-shd-shadow=\"\"  data-ultimate-target='#ubtn-2272'  data-responsive-json-new='{\"font-size\":\"\",\"line-height\":\"\"}'  style=\"font-weight:normal;border:none;background: #e0e0e0;color: #000000;\"><span class=\"ubtn-data ubtn-icon\"><i class=\"none\" style=\"font-size:20px;color:;\"><\/i><\/span><span class=\"ubtn-hover\" style=\"background-color:#004e9e\"><\/span><span class=\"ubtn-data ubtn-text \" >Mehr Infos...<\/span><\/button><\/a><\/div><\/div><\/div><\/div><div class=\"vc_col-sm-6 wpb_column vc_column_container has_bg_color\"><div class=\"vc_column-inner us_custom_4fb9e5a3\"><div class=\"wpb_wrapper\"><div class=\"w-image align_center\"><div class=\"w-image-h\"><img decoding=\"async\" width=\"64\" height=\"64\" src=\"https:\/\/www.sfirion.de\/wp-content\/uploads\/2019\/11\/sfirion_4d-64x64.png\" class=\"attachment-us_64_64 size-us_64_64\" alt=\"\" loading=\"lazy\" srcset=\"https:\/\/www.sfirion.de\/wp-content\/uploads\/2019\/11\/sfirion_4d-64x64.png 64w, https:\/\/www.sfirion.de\/wp-content\/uploads\/2019\/11\/sfirion_4d-300x300.png 300w, https:\/\/www.sfirion.de\/wp-content\/uploads\/2019\/11\/sfirion_4d-1024x1024.png 1024w, https:\/\/www.sfirion.de\/wp-content\/uploads\/2019\/11\/sfirion_4d-150x150.png 150w, https:\/\/www.sfirion.de\/wp-content\/uploads\/2019\/11\/sfirion_4d-1536x1536.png 1536w, https:\/\/www.sfirion.de\/wp-content\/uploads\/2019\/11\/sfirion_4d-343x350.png 343w, https:\/\/www.sfirion.de\/wp-content\/uploads\/2019\/11\/sfirion_4d-799x799.png 799w, https:\/\/www.sfirion.de\/wp-content\/uploads\/2019\/11\/sfirion_4d-800x801.png 800w, https:\/\/www.sfirion.de\/wp-content\/uploads\/2019\/11\/sfirion_4d-797x800.png 797w, https:\/\/www.sfirion.de\/wp-content\/uploads\/2019\/11\/sfirion_4d-600x600.png 600w, https:\/\/www.sfirion.de\/wp-content\/uploads\/2019\/11\/sfirion_4d-400x400.png 400w, https:\/\/www.sfirion.de\/wp-content\/uploads\/2019\/11\/sfirion_4d.png 1920w\" sizes=\"auto, (max-width: 64px) 100vw, 64px\" \/><\/div><\/div><div id=\"ultimate-heading-111769fb3b80c36b2\" class=\"uvc-heading ult-adjust-bottom-margin ultimate-heading-111769fb3b80c36b2 uvc-4753 \" data-hspacer=\"no_spacer\"  data-halign=\"center\" style=\"text-align:center\"><div class=\"uvc-heading-spacer no_spacer\" style=\"top\"><\/div><div class=\"uvc-main-heading ult-responsive\"  data-ultimate-target='.uvc-heading.ultimate-heading-111769fb3b80c36b2 h5'  data-responsive-json-new='{\"font-size\":\"\",\"line-height\":\"\"}' ><h5 style=\"font-weight:normal;margin-top:20px;margin-bottom:20px;\">SFIRION.4D<\/h5><\/div><div class=\"uvc-sub-heading ult-responsive\"  data-ultimate-target='.uvc-heading.ultimate-heading-111769fb3b80c36b2 .uvc-sub-heading '  data-responsive-json-new='{\"font-size\":\"\",\"line-height\":\"\"}'  style=\"font-weight:normal;margin-top:0px;margin-bottom:20px;\">4D-TERMINPLANUNG<\/div><\/div><div class=\"wpb_text_column\"><div class=\"wpb_wrapper\"><p>Das Add-In f\u00fcr MS Project vereint Terminplanung und BIM im gewohnten MS Project Arbeitsumfeld.<\/p>\n<p>\u00d6ffnen Sie IFC-Modelle und bearbeiten oder erstellen Sie schl\u00fcssige 4D-Terminpl\u00e4ne f\u00fcr Ihr Projekt. Verkn\u00fcpfen Sie ihre Termine mit dem Modell und erzeugen Sie aussagekr\u00e4ftige Simulationen mit einem echten Terminplan als Ergebnis!<\/p>\n<\/div><\/div><div class=\" ubtn-ctn-center \"><a class=\"ubtn-link ult-adjust-bottom-margin ubtn-center ubtn-normal \" href=\"https:\/\/www.sfirion.de\/bim-4d\/\" title=\"Software \u2013 4D\" ><button type=\"button\" id=\"ubtn-8238\"  class=\"ubtn ult-adjust-bottom-margin ult-responsive ubtn-normal ubtn-fade-bg  ulta-grow  ubtn-center   tooltip-69fb3b80c38bb\"  data-hover=\"#ffffff\" data-border-color=\"\" data-bg=\"#e0e0e0\" data-hover-bg=\"#004e9e\" data-border-hover=\"\" data-shadow-hover=\"\" data-shadow-click=\"none\" data-shadow=\"\" data-shd-shadow=\"\"  data-ultimate-target='#ubtn-8238'  data-responsive-json-new='{\"font-size\":\"\",\"line-height\":\"\"}'  style=\"font-weight:normal;border:none;background: #e0e0e0;color: #000000;\"><span class=\"ubtn-data ubtn-icon\"><i class=\"none\" style=\"font-size:20px;color:;\"><\/i><\/span><span class=\"ubtn-hover\" style=\"background-color:#004e9e\"><\/span><span class=\"ubtn-data ubtn-text \" >Mehr Infos...<\/span><\/button><\/a><\/div><\/div><\/div><\/div><\/div><\/div><\/section><!-- Row Backgrounds --><div class=\"upb_color\" data-bg-override=\"0\" data-bg-color=\"#ccccc\" data-fadeout=\"\" data-fadeout-percentage=\"30\" data-parallax-content=\"\" data-parallax-content-sense=\"30\" data-row-effect-mobile-disable=\"true\" data-img-parallax-mobile-disable=\"true\" data-rtl=\"false\"  data-custom-vc-row=\"\"  data-vc=\"8.7.2\"  data-is_old_vc=\"\"  data-theme-support=\"\"   data-overlay=\"false\" data-overlay-color=\"\" data-overlay-pattern=\"\" data-overlay-pattern-opacity=\"\" data-overlay-pattern-size=\"\"    ><\/div><section class=\"l-section wpb_row us_custom_71d589a5 height_auto width_full\"><div class=\"l-section-h i-cf\"><div class=\"g-cols vc_row via_flex valign_top type_default stacking_default\"><div class=\"vc_col-sm-12 wpb_column vc_column_container\"><div class=\"vc_column-inner us_custom_efed6822\"><div class=\"wpb_wrapper\"><div class=\"w-image sftitleimage align_none\"><div class=\"w-image-h\"><img decoding=\"async\" width=\"1920\" height=\"900\" src=\"https:\/\/www.sfirion.de\/wp-content\/uploads\/2019\/11\/apple-1868496_1920_3.jpg\" class=\"attachment-full size-full\" alt=\"\" loading=\"lazy\" srcset=\"https:\/\/www.sfirion.de\/wp-content\/uploads\/2019\/11\/apple-1868496_1920_3.jpg 1920w, https:\/\/www.sfirion.de\/wp-content\/uploads\/2019\/11\/apple-1868496_1920_3-300x141.jpg 300w, https:\/\/www.sfirion.de\/wp-content\/uploads\/2019\/11\/apple-1868496_1920_3-1024x480.jpg 1024w, https:\/\/www.sfirion.de\/wp-content\/uploads\/2019\/11\/apple-1868496_1920_3-1536x720.jpg 1536w, https:\/\/www.sfirion.de\/wp-content\/uploads\/2019\/11\/apple-1868496_1920_3-1300x609.jpg 1300w, https:\/\/www.sfirion.de\/wp-content\/uploads\/2019\/11\/apple-1868496_1920_3-800x375.jpg 800w, https:\/\/www.sfirion.de\/wp-content\/uploads\/2019\/11\/apple-1868496_1920_3-900x422.jpg 900w, https:\/\/www.sfirion.de\/wp-content\/uploads\/2019\/11\/apple-1868496_1920_3-64x30.jpg 64w, https:\/\/www.sfirion.de\/wp-content\/uploads\/2019\/11\/apple-1868496_1920_3-600x281.jpg 600w\" sizes=\"auto, (max-width: 1920px) 100vw, 1920px\" \/><\/div><\/div><\/div><\/div><\/div><\/div><\/div><\/section><section class=\"l-section wpb_row height_small\"><div class=\"l-section-h i-cf\"><div class=\"g-cols vc_row via_flex valign_top type_default stacking_default\"><div class=\"vc_col-sm-6 wpb_column vc_column_container\"><div class=\"vc_column-inner\"><div class=\"wpb_wrapper\"><div class=\"wpb_text_column\"><div class=\"wpb_wrapper\"><h4><span style=\"color: #033799;\">Sie wollen mehr \u00fcber<br \/>\n<\/span><span style=\"color: #033799;\">unserer Produkte erfahren?<\/span><\/h4>\n<\/div><\/div><div class=\"ult-spacer spacer-69fb3b80c4637\" data-id=\"69fb3b80c4637\" data-height=\"10\" data-height-mobile=\"10\" data-height-tab=\"10\" data-height-tab-portrait=\"\" data-height-mobile-landscape=\"\" style=\"clear:both;display:block;\"><\/div><\/div><\/div><\/div><div class=\"vc_col-sm-6 wpb_column vc_column_container\"><div class=\"vc_column-inner\"><div class=\"wpb_wrapper\"><div class=\"wpb_text_column\"><div class=\"wpb_wrapper\"><h5><span style=\"color: #033799;\">Schreiben Sie uns an software@sfirion.de!<br \/>\n<\/span><\/h5>\n<h5><span style=\"color: #033799;\">Wir helfen Ihnen gerne.<\/span><\/h5>\n<\/div><\/div><\/div><\/div><\/div><\/div><\/div><\/section><!-- Row Backgrounds --><div class=\"upb_color\" data-bg-override=\"0\" data-bg-color=\"#e5e5e5\" data-fadeout=\"\" data-fadeout-percentage=\"30\" data-parallax-content=\"\" data-parallax-content-sense=\"30\" data-row-effect-mobile-disable=\"true\" data-img-parallax-mobile-disable=\"true\" data-rtl=\"false\"  data-custom-vc-row=\"\"  data-vc=\"8.7.2\"  data-is_old_vc=\"\"  data-theme-support=\"\"   data-overlay=\"false\" data-overlay-color=\"\" data-overlay-pattern=\"\" data-overlay-pattern-opacity=\"\" data-overlay-pattern-size=\"\"    ><\/div>\n","protected":false},"excerpt":{"rendered":"L\u00d6SUNGEN F\u00dcR ZUKUNFTSORIENTIERTES BAUEN sfirion BIMIhr BIM-Projekt f\u00fcr die Hosentasche!Mehr Infos...ARCHIVDOKUMENTENMANAGEMENTEine strukturierte Ablage erspart Zeit f\u00fcr das Suchen und verhindert das Verschwinden von Dokumenten, gew\u00e4hrt Ihnen einen Informationsvorteil und bildet die Basis f\u00fcr die Sicherung Ihrer Anspr\u00fcche. Mit sfirion Archiv dokumentieren Sie Ihr Projekt papierarm und effizient. Dokumente werden einfach erzeugt, strukturiert abgelegt und schnell...","protected":false},"author":2,"featured_media":0,"parent":0,"menu_order":0,"comment_status":"closed","ping_status":"closed","template":"","meta":{"_crdt_document":"","footnotes":""},"class_list":["post-778","page","type-page","status-publish","hentry"],"translation":{"provider":"WPGlobus","version":"3.0.2","language":"en","enabled_languages":["de","en"],"languages":{"de":{"title":true,"content":true,"excerpt":false},"en":{"title":false,"content":false,"excerpt":false}}},"_links":{"self":[{"href":"https:\/\/www.sfirion.de\/en\/wp-json\/wp\/v2\/pages\/778","targetHints":{"allow":["GET"]}}],"collection":[{"href":"https:\/\/www.sfirion.de\/en\/wp-json\/wp\/v2\/pages"}],"about":[{"href":"https:\/\/www.sfirion.de\/en\/wp-json\/wp\/v2\/types\/page"}],"author":[{"embeddable":true,"href":"https:\/\/www.sfirion.de\/en\/wp-json\/wp\/v2\/users\/2"}],"replies":[{"embeddable":true,"href":"https:\/\/www.sfirion.de\/en\/wp-json\/wp\/v2\/comments?post=778"}],"version-history":[{"count":109,"href":"https:\/\/www.sfirion.de\/en\/wp-json\/wp\/v2\/pages\/778\/revisions"}],"predecessor-version":[{"id":790,"href":"https:\/\/www.sfirion.de\/en\/wp-json\/wp\/v2\/pages\/778\/revisions\/790"}],"wp:attachment":[{"href":"https:\/\/www.sfirion.de\/en\/wp-json\/wp\/v2\/media?parent=778"}],"curies":[{"name":"wp","href":"https:\/\/api.w.org\/{rel}","templated":true}]}}