{"id":637,"date":"2019-02-21T16:51:51","date_gmt":"2019-02-21T15:51:51","guid":{"rendered":"https:\/\/2019.sfirion.de\/?page_id=637"},"modified":"2024-03-20T14:52:26","modified_gmt":"2024-03-20T13:52:26","slug":"karriere","status":"publish","type":"page","link":"https:\/\/www.sfirion.de\/en\/karriere\/","title":{"rendered":"Karriere"},"content":{"rendered":"<section class=\"l-section wpb_row us_custom_7c65168a height_small with_img\"><div class=\"l-section-img\" role=\"img\" aria-label=\"Image\" data-img-width=\"1366\" data-img-height=\"548\" style=\"background-image: url(https:\/\/www.sfirion.de\/wp-content\/uploads\/2021\/02\/Karriere_7_gross.jpg);\"><\/div><div class=\"l-section-h i-cf\"><div class=\"g-cols vc_row via_flex valign_top type_default stacking_default\"><div class=\"vc_col-sm-12 wpb_column vc_column_container\"><div class=\"vc_column-inner\"><div class=\"wpb_wrapper\"><\/div><\/div><\/div><\/div><\/div><\/section><section class=\"l-section wpb_row height_small\"><div class=\"l-section-h i-cf\"><div class=\"g-cols vc_row via_flex valign_top type_default stacking_default\"><div class=\"vc_col-sm-12 wpb_column vc_column_container\"><div class=\"vc_column-inner\"><div class=\"wpb_wrapper\"><div class=\"ult-spacer spacer-69fb3c3404574\" data-id=\"69fb3c3404574\" data-height=\"20\" data-height-mobile=\"20\" data-height-tab=\"20\" data-height-tab-portrait=\"\" data-height-mobile-landscape=\"\" style=\"clear:both;display:block;\"><\/div><div class=\"wpb_text_column\"><div class=\"wpb_wrapper\"><h1><span style=\"color: #033799;\">PACKEN SIE ES AN!<\/span><\/h1>\n<\/div><\/div><div class=\"wpb_text_column\"><div class=\"wpb_wrapper\"><h5><span style=\"color: #033799;\">Jeder Einzelne z\u00e4hlt.<\/span><\/h5>\n<p><span style=\"color: #000000;\">Unsere Mitarbeiterinnen und Mitarbeiter sind es, die durch ihr Engagement, ihre Kompetenz und ihren Willen unsere Projekte erfolgreich, unsere Auftraggeber gl\u00fccklich und unser Unternehmen besonders machen.<\/span><\/p>\n<p>Spannende Projekte, ein offenes und kollegiales Miteinander, eine flexible Arbeitszeitgestaltung und leistungsorientierte Honorierung sowie individuelle Weiterbildungsm\u00f6glichkeiten pr\u00e4gen unseren Arbeitsalltag. Aber auch der j\u00e4hrliche Betriebsausflug, der ausgelassene Wiesn-Besuch und die gem\u00fctliche Weihnachtsfeier d\u00fcrfen nicht fehlen und tragen zus\u00e4tzlich zu einem motivierenden Arbeitsumfeld bei.<\/p>\n<p>Sie haben bereits viele Jahre Erfahrung sammeln k\u00f6nnen oder aber gerade erst Ihren Abschluss gemacht? Unsere Zusammenarbeit lebt vom Wissenstransfer, jeder Einzelne z\u00e4hlt und leistet einen wichtigen Beitrag zum Unternehmenserfolg. Und wer glaubt, die Baubranche sei noch eine M\u00e4nnersache, liegt falsch \u2013 knapp die H\u00e4lfte unseres Teams sind Frauen!<\/p>\n<\/div><\/div><\/div><\/div><\/div><\/div><\/div><\/section><!-- Row Backgrounds --><div class=\"upb_color\" data-bg-override=\"0\" data-bg-color=\"\" data-fadeout=\"\" data-fadeout-percentage=\"30\" data-parallax-content=\"\" data-parallax-content-sense=\"30\" data-row-effect-mobile-disable=\"true\" data-img-parallax-mobile-disable=\"true\" data-rtl=\"false\"  data-custom-vc-row=\"\"  data-vc=\"8.7.2\"  data-is_old_vc=\"\"  data-theme-support=\"\"   data-overlay=\"false\" data-overlay-color=\"\" data-overlay-pattern=\"\" data-overlay-pattern-opacity=\"\" data-overlay-pattern-size=\"\"    ><\/div><section class=\"l-section wpb_row height_small\"><div class=\"l-section-h i-cf\"><div class=\"g-cols vc_row via_flex valign_top type_default stacking_default\"><div class=\"vc_col-sm-12 wpb_column vc_column_container\"><div class=\"vc_column-inner\"><div class=\"wpb_wrapper\"><div class=\"wpb_text_column\"><div class=\"wpb_wrapper\"><h5>Zur Verst\u00e4rkung unseres Teams suchen wir:<\/h5>\n<\/div><\/div><div class=\"w-tabs us_custom_6a9dbc9d style_default switch_click accordion type_togglable has_scrolling\" style=\"--sections-title-size:60\"><div class=\"w-tabs-sections titles-align_none icon_chevron cpos_right\"><div class=\"w-tabs-section has_text_color\" id=\"1607754003382-f08c57bb-14c2\" style=\"background:var(--color-header-transparent-bg);color:var(--color-header-middle-text);\"><button class=\"w-tabs-section-header\" aria-controls=\"content-1607754003382-f08c57bb-14c2\" aria-expanded=\"false\"><h3 class=\"w-tabs-section-title\">Senior Projeksteuerer (m\/w\/d) im Bereich Infrastruktur<\/h3><div class=\"w-tabs-section-control\"><\/div><\/button><div  class=\"w-tabs-section-content us_custom_81c343f4\" id=\"content-1607754003382-f08c57bb-14c2\"><div class=\"w-tabs-section-content-h i-cf\"><div class=\"wpb_text_column\"><div class=\"wpb_wrapper\"><p>IHRE AUFGABEN<\/p>\n<p>Projektmanagement und Projektsteuerung (im Sinne AHO) mit den Schwerpunkten:<\/p>\n<ul>\n<li><strong>Kosten- und Terminsteuerung, Qualit\u00e4tssicherung<\/strong><\/li>\n<li><strong>Analysieren, Dokumentieren und Begr\u00fcnden von Kosten- und Terminabweichungen<\/strong><\/li>\n<li><strong>Vertragsmanagement<\/strong><\/li>\n<li><strong>Steuerung\/ Koordination der Projektbeteiligten, Schnittstellenmanagement<\/strong><\/li>\n<\/ul>\n<p>IHR PROFIL<\/p>\n<p>Sie haben erfolgreich das Studium Bauingenieurwesen oder Architektur (oder vergleichbar) absolviert und haben bereits mehrere Jahre Erfahrung in den genannten Aufgabenbereichen gesammelt. Dar\u00fcber hinaus verf\u00fcgen Sie \u00fcber fundiertes Wissen zum Bauprojektmanagement sowie umfangreiche praktische Erfahrungen in diesem Feld. Den Umgang mit den g\u00e4ngigen Office-Programmen beherrschen Sie einwandfrei, auch mit MS Project haben Sie bereits gearbeitet. Sehr gute Deutschkenntnisse \u2013 in Wort und Schrift, eigenverantwortliches Handeln, Verantwortungsbewusstsein f\u00fcr Arbeitssicherheit, Gesundheitsschutz und Nachhaltigkeit, Kommunikations- und Teamf\u00e4higkeit sowie eine zielorientierte Arbeitsweise runden ihr Profil ab.<\/p>\n<p>WIR BIETEN<\/p>\n<p>Eine anspruchsvolle und abwechslungsreiche Position auf einem spannenden Infrastrukturgro\u00dfprojekt mit viel Eigenverantwortung und aktiven Gestaltungsm\u00f6glichkeiten. Wir geben Ihnen vielf\u00e4ltige M\u00f6glichkeiten sich weiterzuentwickeln. Es erwartet Sie ein teamorientiertes Betriebsklima mit in einem famili\u00e4r gef\u00fchrten Ingenieurb\u00fcro, in dem jeder Einzelne z\u00e4hlt. Sie erwartet eine moderne und sicher ausgestattete Arbeitsumgebung, nachhaltige Mobilit\u00e4tsangebote (JobRad, JobTicket), Mentoring w\u00e4hrend der Einarbeitung und eine wertsch\u00e4tzende Arbeitsatmosph\u00e4re. Mit flexiblen M\u00f6glichkeiten der Arbeitszeit- und Ortsgestaltung (mobiles Arbeiten\/Homeoffice sind m\u00f6glich) sowie einem umfangreichen Angebot an Ma\u00dfnahmen zur Gesundheitsf\u00f6rderung (Wellpass) wollen wir einen Beitrag zu Ihrer Work-Life-Balance leisten.<\/p>\n<p>INTERESSIERT?<\/p>\n<p>Wir freuen uns auf Ihre Bewerbung, die Sie bitte unter Angabe Ihres fr\u00fchestm\u00f6glichen Eintrittstermins, Ihres gew\u00fcnschten Arbeitspensums und Ihrer Gehaltsvorstellung per E-Mail an Frau Sandra Frank (jobs@sfirion.de) richten.<\/p>\n<\/div><\/div><\/div><\/div><\/div><\/div><\/div><\/div><\/div><\/div><\/div><\/div><\/section><section class=\"l-section wpb_row height_small\"><div class=\"l-section-h i-cf\"><div class=\"g-cols vc_row via_flex valign_top type_default stacking_default\"><div class=\"vc_col-sm-8 wpb_column vc_column_container\"><div class=\"vc_column-inner\"><div class=\"wpb_wrapper\"><div class=\"wpb_text_column\"><div class=\"wpb_wrapper\"><h4><span style=\"color: #033799;\">Gestalten Sie die Zukunft<br \/>\n<\/span><span style=\"color: #033799;\">des Bauens mit uns!<\/span><\/h4>\n<h5><\/h5>\n<\/div><\/div><div class=\"wpb_text_column\"><div class=\"wpb_wrapper\"><\/div><\/div><\/div><\/div><\/div><div class=\"vc_col-sm-4 wpb_column vc_column_container\"><div class=\"vc_column-inner\"><div class=\"wpb_wrapper\"><div class=\"wpb_text_column\"><div class=\"wpb_wrapper\"><h5><span style=\"color: #033799;\">Senden Sie uns Ihre Bewerbung an jobs@sfirion.de!<\/span><\/h5>\n<h5><span style=\"color: #033799;\">Wir freuen uns auf Sie.<\/span><\/h5>\n<\/div><\/div><\/div><\/div><\/div><\/div><\/div><\/section><!-- Row Backgrounds --><div class=\"upb_color\" data-bg-override=\"0\" data-bg-color=\"#e5e5e5\" data-fadeout=\"\" data-fadeout-percentage=\"30\" data-parallax-content=\"\" data-parallax-content-sense=\"30\" data-row-effect-mobile-disable=\"true\" data-img-parallax-mobile-disable=\"true\" data-rtl=\"false\"  data-custom-vc-row=\"\"  data-vc=\"8.7.2\"  data-is_old_vc=\"\"  data-theme-support=\"\"   data-overlay=\"false\" data-overlay-color=\"\" data-overlay-pattern=\"\" data-overlay-pattern-opacity=\"\" data-overlay-pattern-size=\"\"    ><\/div>\n","protected":false},"excerpt":{"rendered":"PACKEN SIE ES AN! Jeder Einzelne z\u00e4hlt. Unsere Mitarbeiterinnen und Mitarbeiter sind es, die durch ihr Engagement, ihre Kompetenz und ihren Willen unsere Projekte erfolgreich, unsere Auftraggeber gl\u00fccklich und unser Unternehmen besonders machen. Spannende Projekte, ein offenes und kollegiales Miteinander, eine flexible Arbeitszeitgestaltung und leistungsorientierte Honorierung sowie individuelle Weiterbildungsm\u00f6glichkeiten pr\u00e4gen unseren Arbeitsalltag. Aber auch der...","protected":false},"author":2,"featured_media":0,"parent":0,"menu_order":0,"comment_status":"closed","ping_status":"closed","template":"","meta":{"_crdt_document":"","footnotes":""},"class_list":["post-637","page","type-page","status-publish","hentry"],"translation":{"provider":"WPGlobus","version":"3.0.2","language":"en","enabled_languages":["de","en"],"languages":{"de":{"title":true,"content":true,"excerpt":false},"en":{"title":false,"content":false,"excerpt":false}}},"_links":{"self":[{"href":"https:\/\/www.sfirion.de\/en\/wp-json\/wp\/v2\/pages\/637","targetHints":{"allow":["GET"]}}],"collection":[{"href":"https:\/\/www.sfirion.de\/en\/wp-json\/wp\/v2\/pages"}],"about":[{"href":"https:\/\/www.sfirion.de\/en\/wp-json\/wp\/v2\/types\/page"}],"author":[{"embeddable":true,"href":"https:\/\/www.sfirion.de\/en\/wp-json\/wp\/v2\/users\/2"}],"replies":[{"embeddable":true,"href":"https:\/\/www.sfirion.de\/en\/wp-json\/wp\/v2\/comments?post=637"}],"version-history":[{"count":215,"href":"https:\/\/www.sfirion.de\/en\/wp-json\/wp\/v2\/pages\/637\/revisions"}],"predecessor-version":[{"id":3984,"href":"https:\/\/www.sfirion.de\/en\/wp-json\/wp\/v2\/pages\/637\/revisions\/3984"}],"wp:attachment":[{"href":"https:\/\/www.sfirion.de\/en\/wp-json\/wp\/v2\/media?parent=637"}],"curies":[{"name":"wp","href":"https:\/\/api.w.org\/{rel}","templated":true}]}}