{"id":3793,"date":"2022-05-17T10:36:08","date_gmt":"2022-05-17T08:36:08","guid":{"rendered":"https:\/\/www.sfirion.de\/?page_id=3793"},"modified":"2023-03-28T15:34:38","modified_gmt":"2023-03-28T13:34:38","slug":"bim-4d","status":"publish","type":"page","link":"https:\/\/www.sfirion.de\/en\/bim-4d\/","title":{"rendered":"sfirion BIM &#8211; 4D"},"content":{"rendered":"<section class=\"l-section wpb_row us_custom_7c65168a height_small with_img\"><div class=\"l-section-img\" role=\"img\" aria-label=\"Image\" data-img-width=\"1920\" data-img-height=\"950\" style=\"background-image: url(https:\/\/www.sfirion.de\/wp-content\/uploads\/2021\/03\/header_4d_4.jpg);\"><\/div><div class=\"l-section-h i-cf\"><div class=\"g-cols vc_row via_flex valign_top type_default stacking_default\"><div class=\"vc_col-sm-12 wpb_column vc_column_container\"><div class=\"vc_column-inner\"><div class=\"wpb_wrapper\"><\/div><\/div><\/div><\/div><\/div><\/section><section class=\"l-section wpb_row height_small\"><div class=\"l-section-h i-cf\"><div class=\"g-cols vc_row via_flex valign_top type_default stacking_default\"><div class=\"vc_col-sm-12 wpb_column vc_column_container\"><div class=\"vc_column-inner\"><div class=\"wpb_wrapper\"><div class=\"w-image align_center\"><div class=\"w-image-h\"><img decoding=\"async\" width=\"300\" height=\"300\" src=\"https:\/\/www.sfirion.de\/wp-content\/uploads\/2021\/11\/sfirion_BimApp_512-1-300x300.png\" class=\"attachment-medium size-medium\" alt=\"\" loading=\"lazy\" srcset=\"https:\/\/www.sfirion.de\/wp-content\/uploads\/2021\/11\/sfirion_BimApp_512-1-300x300.png 300w, https:\/\/www.sfirion.de\/wp-content\/uploads\/2021\/11\/sfirion_BimApp_512-1-150x150.png 150w, https:\/\/www.sfirion.de\/wp-content\/uploads\/2021\/11\/sfirion_BimApp_512-1-64x64.png 64w, https:\/\/www.sfirion.de\/wp-content\/uploads\/2021\/11\/sfirion_BimApp_512-1-400x400.png 400w, https:\/\/www.sfirion.de\/wp-content\/uploads\/2021\/11\/sfirion_BimApp_512-1.png 512w\" sizes=\"auto, (max-width: 300px) 100vw, 300px\" \/><\/div><\/div><div id=\"ultimate-heading-625669f867b5f11e1\" class=\"uvc-heading ult-adjust-bottom-margin ultimate-heading-625669f867b5f11e1 uvc-1889 \" data-hspacer=\"no_spacer\"  data-halign=\"center\" style=\"text-align:center\"><div class=\"uvc-heading-spacer no_spacer\" style=\"top\"><\/div><div class=\"uvc-main-heading ult-responsive\"  data-ultimate-target='.uvc-heading.ultimate-heading-625669f867b5f11e1 h1'  data-responsive-json-new='{\"font-size\":\"\",\"line-height\":\"\"}' ><h1 style=\"font-weight:normal;margin-top:50px;margin-bottom:30px;\">sfirion BIM - 4D <small>(Add-In)<\/small><\/h1><\/div><div class=\"uvc-sub-heading ult-responsive\"  data-ultimate-target='.uvc-heading.ultimate-heading-625669f867b5f11e1 .uvc-sub-heading '  data-responsive-json-new='{\"font-size\":\"\",\"line-height\":\"\"}'  style=\"font-weight:normal;\"><em>Bauablauf-Simulation mit Microsoft\u2122 Project&#8230;<\/em><\/div><\/div><\/div><\/div><\/div><\/div><\/div><\/section><section class=\"l-section wpb_row height_small\"><div class=\"l-section-h i-cf\"><div class=\"g-cols vc_row via_flex valign_top type_default stacking_default\"><div class=\"vc_col-sm-12 wpb_column vc_column_container\"><div class=\"vc_column-inner\"><div class=\"wpb_wrapper\"><div class=\"wpb_text_column\"><div class=\"wpb_wrapper\"><p>Mit unserem Add-In f\u00fcr MS Project vereinen Sie Terminplanung und BIM ohne dabei auf Ihr gewohntes Werkzeug verzichten zu m\u00fcssen. Verwenden Sie Ihr sfirion BIM Projekt und bearbeiten oder erstellen Sie daf\u00fcr schl\u00fcssige und visuell sehr eing\u00e4ngige 4D-Terminpl\u00e4ne. Verkn\u00fcpfen Sie ihre Termine mit dem Modell und erzeugen Sie aussagekr\u00e4ftige Simulationen mit einem echten 4D-Terminplan als Ergebnis!<\/p>\n<\/div><\/div><\/div><\/div><\/div><\/div><\/div><\/section><section class=\"l-section wpb_row height_small\"><div class=\"l-section-h i-cf\"><div class=\"g-cols vc_row via_flex valign_top type_default stacking_default\"><div class=\"vc_col-sm-4 wpb_column vc_column_container\"><div class=\"vc_column-inner\"><div class=\"wpb_wrapper\"><div class=\"w-image align_center\"><div class=\"w-image-h\"><img decoding=\"async\" width=\"64\" height=\"64\" src=\"https:\/\/www.sfirion.de\/wp-content\/uploads\/2019\/11\/icon_msproject-64x64.png\" class=\"attachment-us_64_64 size-us_64_64\" alt=\"\" loading=\"lazy\" srcset=\"https:\/\/www.sfirion.de\/wp-content\/uploads\/2019\/11\/icon_msproject-64x64.png 64w, https:\/\/www.sfirion.de\/wp-content\/uploads\/2019\/11\/icon_msproject.png 128w\" sizes=\"auto, (max-width: 64px) 100vw, 64px\" \/><\/div><\/div><div id=\"ultimate-heading-64769f867b5f2be7\" class=\"uvc-heading ult-adjust-bottom-margin ultimate-heading-64769f867b5f2be7 uvc-5838 \" data-hspacer=\"no_spacer\"  data-halign=\"center\" style=\"text-align:center\"><div class=\"uvc-heading-spacer no_spacer\" style=\"top\"><\/div><div class=\"uvc-main-heading ult-responsive\"  data-ultimate-target='.uvc-heading.ultimate-heading-64769f867b5f2be7 h5'  data-responsive-json-new='{\"font-size\":\"\",\"line-height\":\"\"}' ><h5 style=\"font-weight:normal;margin-top:20px;margin-bottom:20px;\">MS PROJECT ADD-IN<\/h5><\/div><\/div><div class=\"wpb_text_column\"><div class=\"wpb_wrapper\"><p>sfirion.4D ist eine Erweiterung (Add-In) f\u00fcr Microsoft Project und wird einfach zus\u00e4tzlich auf Ihrem Windows Desktop installiert. So k\u00f6nnen Sie mit Ihrem gewohnten Werkzeug anschauliche 4D-Terminpl\u00e4ne erstellen.<\/p>\n<\/div><\/div><\/div><\/div><\/div><div class=\"vc_col-sm-4 wpb_column vc_column_container\"><div class=\"vc_column-inner\"><div class=\"wpb_wrapper\"><div class=\"w-image align_center\"><div class=\"w-image-h\"><img decoding=\"async\" width=\"64\" height=\"64\" src=\"https:\/\/www.sfirion.de\/wp-content\/uploads\/2019\/11\/icon_ifc-64x64.png\" class=\"attachment-us_64_64 size-us_64_64\" alt=\"\" loading=\"lazy\" srcset=\"https:\/\/www.sfirion.de\/wp-content\/uploads\/2019\/11\/icon_ifc-64x64.png 64w, https:\/\/www.sfirion.de\/wp-content\/uploads\/2019\/11\/icon_ifc.png 128w\" sizes=\"auto, (max-width: 64px) 100vw, 64px\" \/><\/div><\/div><div id=\"ultimate-heading-940869f867b5f35cd\" class=\"uvc-heading ult-adjust-bottom-margin ultimate-heading-940869f867b5f35cd uvc-569 \" data-hspacer=\"no_spacer\"  data-halign=\"center\" style=\"text-align:center\"><div class=\"uvc-heading-spacer no_spacer\" style=\"top\"><\/div><div class=\"uvc-main-heading ult-responsive\"  data-ultimate-target='.uvc-heading.ultimate-heading-940869f867b5f35cd h5'  data-responsive-json-new='{\"font-size\":\"\",\"line-height\":\"\"}' ><h5 style=\"font-weight:normal;margin-top:20px;margin-bottom:20px;\">IFC ALS BASIS<\/h5><\/div><\/div><div class=\"wpb_text_column\"><div class=\"wpb_wrapper\"><p>Das Add-In funktioniert mit IFC in den Versionen 2&#215;3 und 4. Damit ist das Werkzeug in Kombination mit allen g\u00e4ngigen BIM-Programmen verwendbar (Open BIM).<\/p>\n<\/div><\/div><\/div><\/div><\/div><div class=\"vc_col-sm-4 wpb_column vc_column_container\"><div class=\"vc_column-inner\"><div class=\"wpb_wrapper\"><div class=\"w-image align_center\"><div class=\"w-image-h\"><img decoding=\"async\" width=\"64\" height=\"64\" src=\"https:\/\/www.sfirion.de\/wp-content\/uploads\/2019\/11\/0278-play2-64x64.png\" class=\"attachment-us_64_64 size-us_64_64\" alt=\"\" loading=\"lazy\" srcset=\"https:\/\/www.sfirion.de\/wp-content\/uploads\/2019\/11\/0278-play2-64x64.png 64w, https:\/\/www.sfirion.de\/wp-content\/uploads\/2019\/11\/0278-play2.png 128w\" sizes=\"auto, (max-width: 64px) 100vw, 64px\" \/><\/div><\/div><div id=\"ultimate-heading-498069f867b5f3f2c\" class=\"uvc-heading ult-adjust-bottom-margin ultimate-heading-498069f867b5f3f2c uvc-8835 \" data-hspacer=\"no_spacer\"  data-halign=\"center\" style=\"text-align:center\"><div class=\"uvc-heading-spacer no_spacer\" style=\"top\"><\/div><div class=\"uvc-main-heading ult-responsive\"  data-ultimate-target='.uvc-heading.ultimate-heading-498069f867b5f3f2c h5'  data-responsive-json-new='{\"font-size\":\"\",\"line-height\":\"\"}' ><h5 style=\"font-weight:normal;margin-top:20px;margin-bottom:20px;\">SIMULATION<\/h5><\/div><\/div><div class=\"wpb_text_column\"><div class=\"wpb_wrapper\"><p>Erstellen Sie aus Ihrer 4D-Terminplanung animierte Videos oder PDF-Dateien, um Ihren geplanten Bauablauf visuell zu vermitteln.<\/p>\n<\/div><\/div><\/div><\/div><\/div><\/div><\/div><\/section><section class=\"l-section wpb_row height_small\"><div class=\"l-section-h i-cf\"><div class=\"g-cols vc_row via_flex valign_top type_default stacking_default\"><div class=\"vc_col-sm-12 wpb_column vc_column_container\"><div class=\"vc_column-inner\"><div class=\"wpb_wrapper\"><div class=\"w-image align_center\"><div class=\"w-image-h\"><img decoding=\"async\" width=\"1917\" height=\"1008\" src=\"https:\/\/www.sfirion.de\/wp-content\/uploads\/2022\/05\/sfirionBIM_MSP_Screenshot_01.jpg\" class=\"attachment-full size-full\" alt=\"\" loading=\"lazy\" srcset=\"https:\/\/www.sfirion.de\/wp-content\/uploads\/2022\/05\/sfirionBIM_MSP_Screenshot_01.jpg 1917w, https:\/\/www.sfirion.de\/wp-content\/uploads\/2022\/05\/sfirionBIM_MSP_Screenshot_01-300x158.jpg 300w, https:\/\/www.sfirion.de\/wp-content\/uploads\/2022\/05\/sfirionBIM_MSP_Screenshot_01-1024x538.jpg 1024w, https:\/\/www.sfirion.de\/wp-content\/uploads\/2022\/05\/sfirionBIM_MSP_Screenshot_01-1300x684.jpg 1300w, https:\/\/www.sfirion.de\/wp-content\/uploads\/2022\/05\/sfirionBIM_MSP_Screenshot_01-800x421.jpg 800w, https:\/\/www.sfirion.de\/wp-content\/uploads\/2022\/05\/sfirionBIM_MSP_Screenshot_01-900x473.jpg 900w, https:\/\/www.sfirion.de\/wp-content\/uploads\/2022\/05\/sfirionBIM_MSP_Screenshot_01-64x34.jpg 64w, https:\/\/www.sfirion.de\/wp-content\/uploads\/2022\/05\/sfirionBIM_MSP_Screenshot_01-600x315.jpg 600w\" sizes=\"auto, (max-width: 1917px) 100vw, 1917px\" \/><\/div><\/div><\/div><\/div><\/div><\/div><\/div><\/section><section class=\"l-section wpb_row height_small\"><div class=\"l-section-h i-cf\"><div class=\"g-cols vc_row via_flex valign_top type_default stacking_default\"><div class=\"vc_col-sm-12 wpb_column vc_column_container\"><div class=\"vc_column-inner\"><div class=\"wpb_wrapper\"><div class=\"wpb_text_column\"><div class=\"wpb_wrapper\"><p>Voraussetzungen:<\/p>\n<ul>\n<li>Windows 7, 8, 10, 11<\/li>\n<li>Microsoft Project 2010 oder neuer<\/li>\n<li>DirectX11-kompatibler Grafik-Chip<\/li>\n<li>Lokale Installation &#8211; kein Terminal-Server<\/li>\n<li><strong>Account- und Projekteinrichtung \u00fcber die mobile App (mindestens Professional)<\/strong><\/li>\n<\/ul>\n<\/div><\/div><\/div><\/div><\/div><\/div><\/div><\/section><section class=\"l-section wpb_row height_small\"><div class=\"l-section-h i-cf\"><div class=\"g-cols vc_row via_flex valign_top type_default stacking_default\"><div class=\"vc_col-sm-12 wpb_column vc_column_container\"><div class=\"vc_column-inner\"><div class=\"wpb_wrapper\"><div class=\"wpb_text_column\"><div class=\"wpb_wrapper\"><p><a href=\"https:\/\/publicdownloads.sfirion.info\/sfirionBIM_MspAddIn\/setup.exe\"><img decoding=\"async\" src=\"https:\/\/www.sfirion.de\/wp-content\/uploads\/2022\/05\/badge_windows.png\" \/><\/a><\/p>\n<\/div><\/div><\/div><\/div><\/div><\/div><\/div><\/section><section class=\"l-section wpb_row height_small\"><div class=\"l-section-h i-cf\"><div class=\"g-cols vc_row via_flex valign_top type_default stacking_default\"><div class=\"vc_col-sm-12 wpb_column vc_column_container\"><div class=\"vc_column-inner\"><div class=\"wpb_wrapper\"><div class=\" ubtn-ctn-left sf-action-button\"><button type=\"button\" id=\"ubtn-4157\" onclick=\"javascript:history.back()\" class=\"ubtn ult-adjust-bottom-margin ult-responsive ubtn-small ubtn-no-hover-bg  none  ubtn-left sf-action-button  tooltip-69f867b60136a\"  data-hover=\"\" data-border-color=\"\" data-bg=\"#e0e0e0\" data-hover-bg=\"\" data-border-hover=\"\" data-shadow-hover=\"\" data-shadow-click=\"none\" data-shadow=\"\" data-shd-shadow=\"\"  data-ultimate-target='#ubtn-4157'  data-responsive-json-new='{\"font-size\":\"\",\"line-height\":\"\"}'  style=\"font-weight:normal;border:none;background: #e0e0e0;color: #000000;\"><span class=\"ubtn-hover\" style=\"background-color:\"><\/span><span class=\"ubtn-data ubtn-text \" >zur\u00fcck<\/span><\/button><\/div><\/div><\/div><\/div><\/div><\/div><\/section>\n","protected":false},"excerpt":{"rendered":"sfirion BIM - 4D (Add-In)Bauablauf-Simulation mit Microsoft\u2122 Project...Mit unserem Add-In f\u00fcr MS Project vereinen Sie Terminplanung und BIM ohne dabei auf Ihr gewohntes Werkzeug verzichten zu m\u00fcssen. Verwenden Sie Ihr sfirion BIM Projekt und bearbeiten oder erstellen Sie daf\u00fcr schl\u00fcssige und visuell sehr eing\u00e4ngige 4D-Terminpl\u00e4ne. Verkn\u00fcpfen Sie ihre Termine mit dem Modell und erzeugen Sie...","protected":false},"author":2,"featured_media":0,"parent":0,"menu_order":0,"comment_status":"closed","ping_status":"closed","template":"","meta":{"_crdt_document":"","footnotes":""},"class_list":["post-3793","page","type-page","status-publish","hentry"],"translation":{"provider":"WPGlobus","version":"3.0.2","language":"en","enabled_languages":["de","en"],"languages":{"de":{"title":true,"content":true,"excerpt":false},"en":{"title":false,"content":false,"excerpt":false}}},"_links":{"self":[{"href":"https:\/\/www.sfirion.de\/en\/wp-json\/wp\/v2\/pages\/3793","targetHints":{"allow":["GET"]}}],"collection":[{"href":"https:\/\/www.sfirion.de\/en\/wp-json\/wp\/v2\/pages"}],"about":[{"href":"https:\/\/www.sfirion.de\/en\/wp-json\/wp\/v2\/types\/page"}],"author":[{"embeddable":true,"href":"https:\/\/www.sfirion.de\/en\/wp-json\/wp\/v2\/users\/2"}],"replies":[{"embeddable":true,"href":"https:\/\/www.sfirion.de\/en\/wp-json\/wp\/v2\/comments?post=3793"}],"version-history":[{"count":8,"href":"https:\/\/www.sfirion.de\/en\/wp-json\/wp\/v2\/pages\/3793\/revisions"}],"predecessor-version":[{"id":3861,"href":"https:\/\/www.sfirion.de\/en\/wp-json\/wp\/v2\/pages\/3793\/revisions\/3861"}],"wp:attachment":[{"href":"https:\/\/www.sfirion.de\/en\/wp-json\/wp\/v2\/media?parent=3793"}],"curies":[{"name":"wp","href":"https:\/\/api.w.org\/{rel}","templated":true}]}}