{"id":2279,"date":"2020-04-20T10:45:16","date_gmt":"2020-04-20T08:45:16","guid":{"rendered":"https:\/\/2019.sfirion.de\/?page_id=2279"},"modified":"2021-03-08T10:32:31","modified_gmt":"2021-03-08T09:32:31","slug":"software-bautagebuch","status":"publish","type":"page","link":"https:\/\/www.sfirion.de\/en\/software-bautagebuch\/","title":{"rendered":"Software &#8211; Bautagebuch"},"content":{"rendered":"<section class=\"l-section wpb_row us_custom_7c65168a height_small with_img\"><div class=\"l-section-img\" role=\"img\" aria-label=\"Image\" data-img-width=\"1920\" data-img-height=\"950\" style=\"background-image: url(https:\/\/www.sfirion.de\/wp-content\/uploads\/2021\/03\/header_journal.jpg);\"><\/div><div class=\"l-section-h i-cf\"><div class=\"g-cols vc_row via_flex valign_top type_default stacking_default\"><div class=\"vc_col-sm-12 wpb_column vc_column_container\"><div class=\"vc_column-inner\"><div class=\"wpb_wrapper\"><\/div><\/div><\/div><\/div><\/div><\/section><section class=\"l-section wpb_row height_small\"><div class=\"l-section-h i-cf\"><div class=\"g-cols vc_row via_flex valign_top type_default stacking_default\"><div class=\"vc_col-sm-12 wpb_column vc_column_container\"><div class=\"vc_column-inner\"><div class=\"wpb_wrapper\"><div class=\"w-image align_center\"><div class=\"w-image-h\"><img decoding=\"async\" width=\"300\" height=\"300\" src=\"https:\/\/www.sfirion.de\/wp-content\/uploads\/2020\/04\/sfirion_Journal-300x300.png\" class=\"attachment-medium size-medium\" alt=\"\" loading=\"lazy\" srcset=\"https:\/\/www.sfirion.de\/wp-content\/uploads\/2020\/04\/sfirion_Journal-300x300.png 300w, https:\/\/www.sfirion.de\/wp-content\/uploads\/2020\/04\/sfirion_Journal-1024x1024.png 1024w, https:\/\/www.sfirion.de\/wp-content\/uploads\/2020\/04\/sfirion_Journal-150x150.png 150w, https:\/\/www.sfirion.de\/wp-content\/uploads\/2020\/04\/sfirion_Journal-1536x1536.png 1536w, https:\/\/www.sfirion.de\/wp-content\/uploads\/2020\/04\/sfirion_Journal-799x799.png 799w, https:\/\/www.sfirion.de\/wp-content\/uploads\/2020\/04\/sfirion_Journal-800x801.png 800w, https:\/\/www.sfirion.de\/wp-content\/uploads\/2020\/04\/sfirion_Journal-797x800.png 797w, https:\/\/www.sfirion.de\/wp-content\/uploads\/2020\/04\/sfirion_Journal-600x600.png 600w, https:\/\/www.sfirion.de\/wp-content\/uploads\/2020\/04\/sfirion_Journal-64x64.png 64w, https:\/\/www.sfirion.de\/wp-content\/uploads\/2020\/04\/sfirion_Journal-400x400.png 400w, https:\/\/www.sfirion.de\/wp-content\/uploads\/2020\/04\/sfirion_Journal.png 1920w\" sizes=\"auto, (max-width: 300px) 100vw, 300px\" \/><\/div><\/div><div id=\"ultimate-heading-179869fdd9a7e19e3\" class=\"uvc-heading ult-adjust-bottom-margin ultimate-heading-179869fdd9a7e19e3 uvc-6132 \" data-hspacer=\"no_spacer\"  data-halign=\"center\" style=\"text-align:center\"><div class=\"uvc-heading-spacer no_spacer\" style=\"top\"><\/div><div class=\"uvc-main-heading ult-responsive\"  data-ultimate-target='.uvc-heading.ultimate-heading-179869fdd9a7e19e3 h1'  data-responsive-json-new='{\"font-size\":\"\",\"line-height\":\"\"}' ><h1 style=\"font-weight:normal;margin-top:50px;margin-bottom:30px;\">JOURNAL<\/h1><\/div><div class=\"uvc-sub-heading ult-responsive\"  data-ultimate-target='.uvc-heading.ultimate-heading-179869fdd9a7e19e3 .uvc-sub-heading '  data-responsive-json-new='{\"font-size\":\"\",\"line-height\":\"\"}'  style=\"font-weight:normal;\"><em>Professionelle Baudokumentation in der Cloud&#8230;<\/em><\/div><\/div><\/div><\/div><\/div><\/div><\/div><\/section><section class=\"l-section wpb_row height_small\"><div class=\"l-section-h i-cf\"><div class=\"g-cols vc_row via_flex valign_top type_default stacking_default\"><div class=\"vc_col-sm-4 wpb_column vc_column_container\"><div class=\"vc_column-inner\"><div class=\"wpb_wrapper\"><div class=\"w-image align_center\"><div class=\"w-image-h\"><img decoding=\"async\" width=\"64\" height=\"64\" src=\"https:\/\/www.sfirion.de\/wp-content\/uploads\/2019\/11\/icon_0079-clock-64x64.png\" class=\"attachment-us_64_64 size-us_64_64\" alt=\"\" loading=\"lazy\" srcset=\"https:\/\/www.sfirion.de\/wp-content\/uploads\/2019\/11\/icon_0079-clock-64x64.png 64w, https:\/\/www.sfirion.de\/wp-content\/uploads\/2019\/11\/icon_0079-clock.png 128w\" sizes=\"auto, (max-width: 64px) 100vw, 64px\" \/><\/div><\/div><div id=\"ultimate-heading-15869fdd9a7e25f0\" class=\"uvc-heading ult-adjust-bottom-margin ultimate-heading-15869fdd9a7e25f0 uvc-3108 \" data-hspacer=\"no_spacer\"  data-halign=\"center\" style=\"text-align:center\"><div class=\"uvc-heading-spacer no_spacer\" style=\"top\"><\/div><div class=\"uvc-main-heading ult-responsive\"  data-ultimate-target='.uvc-heading.ultimate-heading-15869fdd9a7e25f0 h5'  data-responsive-json-new='{\"font-size\":\"\",\"line-height\":\"\"}' ><h5 style=\"font-weight:normal;margin-top:20px;margin-bottom:20px;\">TERMINPLANBASIERT<\/h5><\/div><\/div><div class=\"wpb_text_column\"><div class=\"wpb_wrapper\"><p>Dokumentieren Sie Aktivit\u00e4ten, Ereignisse, Fortschrittsgrade und Ressourceneinsatz auf Basis der Prozesse eines Steuerungsterminplans. Dadurch ist es m\u00f6glich, exakte Auswertungen zu erstellen, die stichhaltige Aussagen \u00fcber St\u00f6rungen, Prognosen und Fortschreibungen erm\u00f6glichen.<\/p>\n<\/div><\/div><\/div><\/div><\/div><div class=\"vc_col-sm-4 wpb_column vc_column_container\"><div class=\"vc_column-inner\"><div class=\"wpb_wrapper\"><div class=\"w-image align_center\"><div class=\"w-image-h\"><img decoding=\"async\" width=\"64\" height=\"64\" src=\"https:\/\/www.sfirion.de\/wp-content\/uploads\/2019\/11\/icon_0156-stats-dots-64x64.png\" class=\"attachment-us_64_64 size-us_64_64\" alt=\"\" loading=\"lazy\" srcset=\"https:\/\/www.sfirion.de\/wp-content\/uploads\/2019\/11\/icon_0156-stats-dots-64x64.png 64w, https:\/\/www.sfirion.de\/wp-content\/uploads\/2019\/11\/icon_0156-stats-dots.png 128w\" sizes=\"auto, (max-width: 64px) 100vw, 64px\" \/><\/div><\/div><div id=\"ultimate-heading-883469fdd9a7e3480\" class=\"uvc-heading ult-adjust-bottom-margin ultimate-heading-883469fdd9a7e3480 uvc-6230 \" data-hspacer=\"no_spacer\"  data-halign=\"center\" style=\"text-align:center\"><div class=\"uvc-heading-spacer no_spacer\" style=\"top\"><\/div><div class=\"uvc-main-heading ult-responsive\"  data-ultimate-target='.uvc-heading.ultimate-heading-883469fdd9a7e3480 h5'  data-responsive-json-new='{\"font-size\":\"\",\"line-height\":\"\"}' ><h5 style=\"font-weight:normal;margin-top:20px;margin-bottom:20px;\">LEISTUNGSKONTROLLE<\/h5><\/div><\/div><div class=\"wpb_text_column\"><div class=\"wpb_wrapper\"><p>Die prozessorientierte Erfassung der Daten auf Grundlage des Terminplans erm\u00f6glicht die Leistungsfeststellung sowie eine gezielte Kontrolle der Abrechnung zu jedem beliebigen Stichtag. Dar\u00fcber hinaus wird mit dem dokumentierten Ressourceneinsatz und Leistungsfortschritt die Basis f\u00fcr eine kontinuierliche Terminplanfortschreibung gelegt.<\/p>\n<\/div><\/div><\/div><\/div><\/div><div class=\"vc_col-sm-4 wpb_column vc_column_container\"><div class=\"vc_column-inner\"><div class=\"wpb_wrapper\"><div class=\"w-image align_center\"><div class=\"w-image-h\"><img decoding=\"async\" width=\"64\" height=\"64\" src=\"https:\/\/www.sfirion.de\/wp-content\/uploads\/2019\/11\/icon_0091-tablet-64x64.png\" class=\"attachment-us_64_64 size-us_64_64\" alt=\"\" loading=\"lazy\" srcset=\"https:\/\/www.sfirion.de\/wp-content\/uploads\/2019\/11\/icon_0091-tablet-64x64.png 64w, https:\/\/www.sfirion.de\/wp-content\/uploads\/2019\/11\/icon_0091-tablet.png 128w\" sizes=\"auto, (max-width: 64px) 100vw, 64px\" \/><\/div><\/div><div id=\"ultimate-heading-286769fdd9a7e3bd7\" class=\"uvc-heading ult-adjust-bottom-margin ultimate-heading-286769fdd9a7e3bd7 uvc-8937 \" data-hspacer=\"no_spacer\"  data-halign=\"center\" style=\"text-align:center\"><div class=\"uvc-heading-spacer no_spacer\" style=\"top\"><\/div><div class=\"uvc-main-heading ult-responsive\"  data-ultimate-target='.uvc-heading.ultimate-heading-286769fdd9a7e3bd7 h5'  data-responsive-json-new='{\"font-size\":\"\",\"line-height\":\"\"}' ><h5 style=\"font-weight:normal;margin-top:20px;margin-bottom:20px;\">MOBIL UND MODERN<\/h5><\/div><\/div><div class=\"wpb_text_column\"><div class=\"wpb_wrapper\"><p>Erfassen Sie Ihre Bautagesberichte \u00fcber einen g\u00e4ngigen Web-Browser oder benutzen Sie die App. Bei der mobilen Anwendung ist keine dauerhafte Internetverbindung erforderlich.<\/p>\n<\/div><\/div><\/div><\/div><\/div><\/div><\/div><\/section><section class=\"l-section wpb_row height_small\"><div class=\"l-section-h i-cf\"><div class=\"g-cols vc_row via_flex valign_top type_default stacking_default\"><div class=\"vc_col-sm-12 wpb_column vc_column_container\"><div class=\"vc_column-inner\"><div class=\"wpb_wrapper\"><div class=\"w-image align_center\"><div class=\"w-image-h\"><img decoding=\"async\" width=\"540\" height=\"960\" src=\"https:\/\/www.sfirion.de\/wp-content\/uploads\/2020\/04\/webjournal_iphone_2.png\" class=\"attachment-large size-large\" alt=\"\" loading=\"lazy\" srcset=\"https:\/\/www.sfirion.de\/wp-content\/uploads\/2020\/04\/webjournal_iphone_2.png 540w, https:\/\/www.sfirion.de\/wp-content\/uploads\/2020\/04\/webjournal_iphone_2-169x300.png 169w, https:\/\/www.sfirion.de\/wp-content\/uploads\/2020\/04\/webjournal_iphone_2-449x799.png 449w, https:\/\/www.sfirion.de\/wp-content\/uploads\/2020\/04\/webjournal_iphone_2-451x801.png 451w, https:\/\/www.sfirion.de\/wp-content\/uploads\/2020\/04\/webjournal_iphone_2-338x600.png 338w, https:\/\/www.sfirion.de\/wp-content\/uploads\/2020\/04\/webjournal_iphone_2-36x64.png 36w, https:\/\/www.sfirion.de\/wp-content\/uploads\/2020\/04\/webjournal_iphone_2-225x400.png 225w\" sizes=\"auto, (max-width: 540px) 100vw, 540px\" \/><\/div><\/div><\/div><\/div><\/div><\/div><\/div><\/section><section class=\"l-section wpb_row height_small\"><div class=\"l-section-h i-cf\"><div class=\"g-cols vc_row via_flex valign_top type_default stacking_default\"><div class=\"vc_col-sm-4 wpb_column vc_column_container\"><div class=\"vc_column-inner us_custom_0e0a7ea2\"><div class=\"wpb_wrapper\"><div class=\"flip-box-wrap\" tabindex=\"0\" style=\"\"><div class=\"flip-box ifb-custom-height  horizontal_flip_left flip-box-custom-height flip-ifb-custom-height\" data-animation=\"\" data-animation-delay=\"03\" style=\"\"  data-min-height='180px'><div class=\"ifb-flip-box\" id=\"flip-box-wrap-5298\"><div class=\"ifb-face ifb-front \" style=\"color:#333333;background:#efefef;  border-color:#A4A4A4; \">\n\t\t\t\t\t\t\t<div class=\"ifb-flip-box-section ifb-flip-box-section-vertical-middle\">\n\t\t\t\t\t\t\t<div class=\"flip-box-icon\"><div class=\"ult-just-icon-wrapper  \"><div class=\"align-icon\" style=\"text-align:center;\">\n<div class=\"aio-icon-img \" style=\"font-size:64px;display:inline-block;\" >\n\t<img decoding=\"async\" class=\"img-icon\" alt=\"null\" src=\"https:\/\/www.sfirion.de\/wp-content\/uploads\/2019\/11\/icon_0197-cloud-check.png\"\/>\n<\/div><\/div><\/div><\/div><div class=\"ifb-flip-box-section-content ult-responsive\"  data-ultimate-target='#flip-box-wrap-5298 .ifb-flip-box-section-content.ult-responsive'  data-responsive-json-new='{\"font-size\":\"\",\"line-height\":\"\"}'  style=\"color:#333333;\"><p>Software as a Service<\/p><\/div><\/div><\/div><!-- END .front -->\n\t\t\t\t\t\t<div class=\"ifb-face ifb-back\" style=\"color:#333333;background:#efefef;  border-color:#A4A4A4; \">\n\t\t\t\t\t\t\t<div class=\"ifb-flip-box-section ifb-flip-box-section-vertical-middle\"><h3 class=\"ult-responsive flipbox_heading\"  data-ultimate-target='#flip-box-wrap-5298 .ult-responsive.flipbox_heading'  data-responsive-json-new='{\"font-size\":\"\",\"line-height\":\"\"}'  style=\"color:#333333; \">Software as a Service (SAAS)<\/h3><div class=\"ifb-flip-box-section-content ult-responsive\"  data-ultimate-target='#flip-box-wrap-5298 .ifb-flip-box-section-content.ult-responsive'  data-responsive-json-new='{\"font-size\":\"\",\"line-height\":\"\"}'  style=\"color:#333333;\"><p>Intuitive Webanwendung f\u00fcr alle g\u00e4ngigen Browser wie Edge, Chrome, Safari und Firefox, ohne Installation.<\/p><\/div><\/div><\/div><!-- END .back --><\/div> <!-- ifb-flip-box --><\/div> <!-- flip-box --><\/div><!-- End icon block --><div class=\"flip-box-wrap\" tabindex=\"0\" style=\"\"><div class=\"flip-box ifb-custom-height  horizontal_flip_left flip-box-custom-height flip-ifb-custom-height\" data-animation=\"\" data-animation-delay=\"03\" style=\"\"  data-min-height='180px'><div class=\"ifb-flip-box\" id=\"flip-box-wrap-3995\"><div class=\"ifb-face ifb-front \" style=\"color:#333333;background:#efefef;  border-color:#A4A4A4; \">\n\t\t\t\t\t\t\t<div class=\"ifb-flip-box-section ifb-flip-box-section-vertical-middle\">\n\t\t\t\t\t\t\t<div class=\"flip-box-icon\"><div class=\"ult-just-icon-wrapper  \"><div class=\"align-icon\" style=\"text-align:center;\">\n<div class=\"aio-icon-img \" style=\"font-size:64px;display:inline-block;\" >\n\t<img decoding=\"async\" class=\"img-icon\" alt=\"null\" src=\"https:\/\/www.sfirion.de\/wp-content\/uploads\/2019\/11\/icon_0119-user-tie.png\"\/>\n<\/div><\/div><\/div><\/div><div class=\"ifb-flip-box-section-content ult-responsive\"  data-ultimate-target='#flip-box-wrap-3995 .ifb-flip-box-section-content.ult-responsive'  data-responsive-json-new='{\"font-size\":\"\",\"line-height\":\"\"}'  style=\"color:#333333;\"><p>Vom Profi f\u00fcr Profis<\/p><\/div><\/div><\/div><!-- END .front -->\n\t\t\t\t\t\t<div class=\"ifb-face ifb-back\" style=\"color:#333333;background:#efefef;  border-color:#A4A4A4; \">\n\t\t\t\t\t\t\t<div class=\"ifb-flip-box-section ifb-flip-box-section-vertical-middle\"><h3 class=\"ult-responsive flipbox_heading\"  data-ultimate-target='#flip-box-wrap-3995 .ult-responsive.flipbox_heading'  data-responsive-json-new='{\"font-size\":\"\",\"line-height\":\"\"}'  style=\"color:#333333; \">Vom Profi f\u00fcr Profis<\/h3><div class=\"ifb-flip-box-section-content ult-responsive\"  data-ultimate-target='#flip-box-wrap-3995 .ifb-flip-box-section-content.ult-responsive'  data-responsive-json-new='{\"font-size\":\"\",\"line-height\":\"\"}'  style=\"color:#333333;\"><p>Unsere umfassende Erfahrung bei der Projektsteuerung macht unsere Software zu einem starken Werkzeug.<\/p><\/div><\/div><\/div><!-- END .back --><\/div> <!-- ifb-flip-box --><\/div> <!-- flip-box --><\/div><!-- End icon block --><\/div><\/div><\/div><div class=\"vc_col-sm-4 wpb_column vc_column_container\"><div class=\"vc_column-inner us_custom_0e0a7ea2\"><div class=\"wpb_wrapper\"><div class=\"flip-box-wrap\" tabindex=\"0\" style=\"\"><div class=\"flip-box ifb-custom-height  horizontal_flip_left flip-box-custom-height flip-ifb-custom-height\" data-animation=\"\" data-animation-delay=\"03\" style=\"\"  data-min-height='180px'><div class=\"ifb-flip-box\" id=\"flip-box-wrap-4575\"><div class=\"ifb-face ifb-front \" style=\"color:#333333;background:#efefef;  border-color:#A4A4A4; \">\n\t\t\t\t\t\t\t<div class=\"ifb-flip-box-section ifb-flip-box-section-vertical-middle\">\n\t\t\t\t\t\t\t<div class=\"flip-box-icon\"><div class=\"ult-just-icon-wrapper  \"><div class=\"align-icon\" style=\"text-align:center;\">\n<div class=\"aio-icon-img \" style=\"font-size:64px;display:inline-block;\" >\n\t<img decoding=\"async\" class=\"img-icon\" alt=\"null\" src=\"https:\/\/www.sfirion.de\/wp-content\/uploads\/2019\/11\/icon_0091-tablet.png\"\/>\n<\/div><\/div><\/div><\/div><div class=\"ifb-flip-box-section-content ult-responsive\"  data-ultimate-target='#flip-box-wrap-4575 .ifb-flip-box-section-content.ult-responsive'  data-responsive-json-new='{\"font-size\":\"\",\"line-height\":\"\"}'  style=\"color:#333333;\"><p>Plattformunabh\u00e4ngig<\/p><\/div><\/div><\/div><!-- END .front -->\n\t\t\t\t\t\t<div class=\"ifb-face ifb-back\" style=\"color:#333333;background:#efefef;  border-color:#A4A4A4; \">\n\t\t\t\t\t\t\t<div class=\"ifb-flip-box-section ifb-flip-box-section-vertical-middle\"><h3 class=\"ult-responsive flipbox_heading\"  data-ultimate-target='#flip-box-wrap-4575 .ult-responsive.flipbox_heading'  data-responsive-json-new='{\"font-size\":\"\",\"line-height\":\"\"}'  style=\"color:#333333; \">Plattformunabh\u00e4ngig<\/h3><div class=\"ifb-flip-box-section-content ult-responsive\"  data-ultimate-target='#flip-box-wrap-4575 .ifb-flip-box-section-content.ult-responsive'  data-responsive-json-new='{\"font-size\":\"\",\"line-height\":\"\"}'  style=\"color:#333333;\"><p>Egal ob PC, Mac, Laptop oder Tablet, mit der responsiven Webanwendung haben Sie freie Wahl bei der Plattform.<\/p><\/div><\/div><\/div><!-- END .back --><\/div> <!-- ifb-flip-box --><\/div> <!-- flip-box --><\/div><!-- End icon block --><div class=\"flip-box-wrap\" tabindex=\"0\" style=\"\"><div class=\"flip-box ifb-custom-height  horizontal_flip_left flip-box-custom-height flip-ifb-custom-height\" data-animation=\"\" data-animation-delay=\"03\" style=\"\"  data-min-height='180px'><div class=\"ifb-flip-box\" id=\"flip-box-wrap-1957\"><div class=\"ifb-face ifb-front \" style=\"color:#333333;background:#efefef;  border-color:#A4A4A4; \">\n\t\t\t\t\t\t\t<div class=\"ifb-flip-box-section ifb-flip-box-section-vertical-middle\">\n\t\t\t\t\t\t\t<div class=\"flip-box-icon\"><div class=\"ult-just-icon-wrapper  \"><div class=\"align-icon\" style=\"text-align:center;\">\n<div class=\"aio-icon-img \" style=\"font-size:64px;display:inline-block;\" >\n\t<img decoding=\"async\" class=\"img-icon\" alt=\"null\" src=\"https:\/\/www.sfirion.de\/wp-content\/uploads\/2019\/11\/icon_0181-shield.png\"\/>\n<\/div><\/div><\/div><\/div><div class=\"ifb-flip-box-section-content ult-responsive\"  data-ultimate-target='#flip-box-wrap-1957 .ifb-flip-box-section-content.ult-responsive'  data-responsive-json-new='{\"font-size\":\"\",\"line-height\":\"\"}'  style=\"color:#333333;\"><p>Hohe Datensicherheit<\/p><\/div><\/div><\/div><!-- END .front -->\n\t\t\t\t\t\t<div class=\"ifb-face ifb-back\" style=\"color:#333333;background:#efefef;  border-color:#A4A4A4; \">\n\t\t\t\t\t\t\t<div class=\"ifb-flip-box-section ifb-flip-box-section-vertical-middle\"><h3 class=\"ult-responsive flipbox_heading\"  data-ultimate-target='#flip-box-wrap-1957 .ult-responsive.flipbox_heading'  data-responsive-json-new='{\"font-size\":\"\",\"line-height\":\"\"}'  style=\"color:#333333; \">Hohe Datensicherheit<\/h3><div class=\"ifb-flip-box-section-content ult-responsive\"  data-ultimate-target='#flip-box-wrap-1957 .ifb-flip-box-section-content.ult-responsive'  data-responsive-json-new='{\"font-size\":\"\",\"line-height\":\"\"}'  style=\"color:#333333;\"><p>Alle Daten liegen auf einem dedizierten Server in einem gut gesicherten Rechenzentrum in Deutschland.<\/p><\/div><\/div><\/div><!-- END .back --><\/div> <!-- ifb-flip-box --><\/div> <!-- flip-box --><\/div><!-- End icon block --><\/div><\/div><\/div><div class=\"vc_col-sm-4 wpb_column vc_column_container\"><div class=\"vc_column-inner us_custom_0e0a7ea2\"><div class=\"wpb_wrapper\"><div class=\"flip-box-wrap\" tabindex=\"0\" style=\"\"><div class=\"flip-box ifb-custom-height  horizontal_flip_left flip-box-custom-height flip-ifb-custom-height\" data-animation=\"\" data-animation-delay=\"03\" style=\"\"  data-min-height='180px'><div class=\"ifb-flip-box\" id=\"flip-box-wrap-5973\"><div class=\"ifb-face ifb-front \" style=\"color:#333333;background:#efefef;  border-color:#A4A4A4; \">\n\t\t\t\t\t\t\t<div class=\"ifb-flip-box-section ifb-flip-box-section-vertical-middle\">\n\t\t\t\t\t\t\t<div class=\"flip-box-icon\"><div class=\"ult-just-icon-wrapper  \"><div class=\"align-icon\" style=\"text-align:center;\">\n<div class=\"aio-icon-img \" style=\"font-size:64px;display:inline-block;\" >\n\t<img decoding=\"async\" class=\"img-icon\" alt=\"null\" src=\"https:\/\/www.sfirion.de\/wp-content\/uploads\/2019\/11\/icon_0184-power-cord.png\"\/>\n<\/div><\/div><\/div><\/div><div class=\"ifb-flip-box-section-content ult-responsive\"  data-ultimate-target='#flip-box-wrap-5973 .ifb-flip-box-section-content.ult-responsive'  data-responsive-json-new='{\"font-size\":\"\",\"line-height\":\"\"}'  style=\"color:#333333;\"><p>Project Schnittstelle<\/p><\/div><\/div><\/div><!-- END .front -->\n\t\t\t\t\t\t<div class=\"ifb-face ifb-back\" style=\"color:#333333;background:#efefef;  border-color:#A4A4A4; \">\n\t\t\t\t\t\t\t<div class=\"ifb-flip-box-section ifb-flip-box-section-vertical-middle\"><h3 class=\"ult-responsive flipbox_heading\"  data-ultimate-target='#flip-box-wrap-5973 .ult-responsive.flipbox_heading'  data-responsive-json-new='{\"font-size\":\"\",\"line-height\":\"\"}'  style=\"color:#333333; \">Project-Schnittstelle<\/h3><div class=\"ifb-flip-box-section-content ult-responsive\"  data-ultimate-target='#flip-box-wrap-5973 .ifb-flip-box-section-content.ult-responsive'  data-responsive-json-new='{\"font-size\":\"\",\"line-height\":\"\"}'  style=\"color:#333333;\"><p>Verbinden Sie Ihr MS Project via Plugin mit dem Bautagebuch, um den Steuerungsterminplan auf den Server hochzuladen und aktuell zu halten.<\/p><\/div><\/div><\/div><!-- END .back --><\/div> <!-- ifb-flip-box --><\/div> <!-- flip-box --><\/div><!-- End icon block --><div class=\"flip-box-wrap\" tabindex=\"0\" style=\"\"><div class=\"flip-box ifb-custom-height  horizontal_flip_left flip-box-custom-height flip-ifb-custom-height\" data-animation=\"\" data-animation-delay=\"03\" style=\"\"  data-min-height='180px'><div class=\"ifb-flip-box\" id=\"flip-box-wrap-4514\"><div class=\"ifb-face ifb-front \" style=\"color:#333333;background:#efefef;  border-color:#A4A4A4; \">\n\t\t\t\t\t\t\t<div class=\"ifb-flip-box-section ifb-flip-box-section-vertical-middle\">\n\t\t\t\t\t\t\t<div class=\"flip-box-icon\"><div class=\"ult-just-icon-wrapper  \"><div class=\"align-icon\" style=\"text-align:center;\">\n<div class=\"aio-icon-img \" style=\"font-size:64px;display:inline-block;\" >\n\t<img decoding=\"async\" class=\"img-icon\" alt=\"null\" src=\"https:\/\/www.sfirion.de\/wp-content\/uploads\/2019\/11\/icon_0305-shuffle.png\"\/>\n<\/div><\/div><\/div><\/div><div class=\"ifb-flip-box-section-content ult-responsive\"  data-ultimate-target='#flip-box-wrap-4514 .ifb-flip-box-section-content.ult-responsive'  data-responsive-json-new='{\"font-size\":\"\",\"line-height\":\"\"}'  style=\"color:#333333;\"><p>Flexibel<\/p><\/div><\/div><\/div><!-- END .front -->\n\t\t\t\t\t\t<div class=\"ifb-face ifb-back\" style=\"color:#333333;background:#efefef;  border-color:#A4A4A4; \">\n\t\t\t\t\t\t\t<div class=\"ifb-flip-box-section ifb-flip-box-section-vertical-middle\"><h3 class=\"ult-responsive flipbox_heading\"  data-ultimate-target='#flip-box-wrap-4514 .ult-responsive.flipbox_heading'  data-responsive-json-new='{\"font-size\":\"\",\"line-height\":\"\"}'  style=\"color:#333333; \">Flexibel<\/h3><div class=\"ifb-flip-box-section-content ult-responsive\"  data-ultimate-target='#flip-box-wrap-4514 .ifb-flip-box-section-content.ult-responsive'  data-responsive-json-new='{\"font-size\":\"\",\"line-height\":\"\"}'  style=\"color:#333333;\"><p>Die Software ist f\u00fcr alle Projektgr\u00f6\u00dfen einsetzbar, ihre gr\u00f6\u00dften St\u00e4rken spielt sie aber auf Gro\u00dfprojekten aus.<\/p><\/div><\/div><\/div><!-- END .back --><\/div> <!-- ifb-flip-box --><\/div> <!-- flip-box --><\/div><!-- End icon block --><\/div><\/div><\/div><\/div><\/div><\/section><section class=\"l-section wpb_row height_small\"><div class=\"l-section-h i-cf\"><div class=\"g-cols vc_row via_flex valign_top type_default stacking_default\"><div class=\"vc_col-sm-12 wpb_column vc_column_container\"><div class=\"vc_column-inner\"><div class=\"wpb_wrapper\"><div class=\" ubtn-ctn-left sf-action-button\"><button type=\"button\" id=\"ubtn-9488\" onclick=\"javascript:history.back()\" class=\"ubtn ult-adjust-bottom-margin ult-responsive ubtn-small ubtn-no-hover-bg  none  ubtn-left sf-action-button  tooltip-69fdd9a7e6869\"  data-hover=\"\" data-border-color=\"\" data-bg=\"#e0e0e0\" data-hover-bg=\"\" data-border-hover=\"\" data-shadow-hover=\"\" data-shadow-click=\"none\" data-shadow=\"\" data-shd-shadow=\"\"  data-ultimate-target='#ubtn-9488'  data-responsive-json-new='{\"font-size\":\"\",\"line-height\":\"\"}'  style=\"font-weight:normal;border:none;background: #e0e0e0;color: #000000;\"><span class=\"ubtn-hover\" style=\"background-color:\"><\/span><span class=\"ubtn-data ubtn-text \" >zur\u00fcck<\/span><\/button><\/div><\/div><\/div><\/div><\/div><\/div><\/section>\n","protected":false},"excerpt":{"rendered":"JOURNALProfessionelle Baudokumentation in der Cloud...TERMINPLANBASIERTDokumentieren Sie Aktivit\u00e4ten, Ereignisse, Fortschrittsgrade und Ressourceneinsatz auf Basis der Prozesse eines Steuerungsterminplans. Dadurch ist es m\u00f6glich, exakte Auswertungen zu erstellen, die stichhaltige Aussagen \u00fcber St\u00f6rungen, Prognosen und Fortschreibungen erm\u00f6glichen. LEISTUNGSKONTROLLEDie prozessorientierte Erfassung der Daten auf Grundlage des Terminplans erm\u00f6glicht die Leistungsfeststellung sowie eine gezielte Kontrolle der Abrechnung zu jedem beliebigen...","protected":false},"author":2,"featured_media":0,"parent":0,"menu_order":0,"comment_status":"closed","ping_status":"closed","template":"","meta":{"_crdt_document":"","footnotes":""},"class_list":["post-2279","page","type-page","status-publish","hentry"],"translation":{"provider":"WPGlobus","version":"3.0.2","language":"en","enabled_languages":["de","en"],"languages":{"de":{"title":true,"content":true,"excerpt":false},"en":{"title":false,"content":false,"excerpt":false}}},"_links":{"self":[{"href":"https:\/\/www.sfirion.de\/en\/wp-json\/wp\/v2\/pages\/2279","targetHints":{"allow":["GET"]}}],"collection":[{"href":"https:\/\/www.sfirion.de\/en\/wp-json\/wp\/v2\/pages"}],"about":[{"href":"https:\/\/www.sfirion.de\/en\/wp-json\/wp\/v2\/types\/page"}],"author":[{"embeddable":true,"href":"https:\/\/www.sfirion.de\/en\/wp-json\/wp\/v2\/users\/2"}],"replies":[{"embeddable":true,"href":"https:\/\/www.sfirion.de\/en\/wp-json\/wp\/v2\/comments?post=2279"}],"version-history":[{"count":13,"href":"https:\/\/www.sfirion.de\/en\/wp-json\/wp\/v2\/pages\/2279\/revisions"}],"predecessor-version":[{"id":3664,"href":"https:\/\/www.sfirion.de\/en\/wp-json\/wp\/v2\/pages\/2279\/revisions\/3664"}],"wp:attachment":[{"href":"https:\/\/www.sfirion.de\/en\/wp-json\/wp\/v2\/media?parent=2279"}],"curies":[{"name":"wp","href":"https:\/\/api.w.org\/{rel}","templated":true}]}}