{"id":2059,"date":"2020-04-05T12:48:45","date_gmt":"2020-04-05T10:48:45","guid":{"rendered":"https:\/\/2019.sfirion.de\/?page_id=2059"},"modified":"2021-03-09T07:44:57","modified_gmt":"2021-03-09T06:44:57","slug":"leistungen","status":"publish","type":"page","link":"https:\/\/www.sfirion.de\/en\/leistungen\/","title":{"rendered":"Leistungen"},"content":{"rendered":"<section class=\"l-section wpb_row us_custom_7c65168a height_small with_img\"><div class=\"l-section-img\" role=\"img\" aria-label=\"Image\" data-img-width=\"2000\" data-img-height=\"793\" style=\"background-image: url(https:\/\/www.sfirion.de\/wp-content\/uploads\/2020\/12\/FMG_1_Titelbild_Referenz_ausschnitt.jpg);background-position: bottom center;\"><\/div><div class=\"l-section-h i-cf\"><div class=\"g-cols vc_row via_flex valign_top type_default stacking_default\"><div class=\"vc_col-sm-12 wpb_column vc_column_container\"><div class=\"vc_column-inner\"><div class=\"wpb_wrapper\"><\/div><\/div><\/div><\/div><\/div><\/section><section class=\"l-section wpb_row height_small\"><div class=\"l-section-h i-cf\"><div class=\"g-cols vc_row via_flex valign_top type_default stacking_default\"><div class=\"vc_col-sm-12 wpb_column vc_column_container\"><div class=\"vc_column-inner\"><div class=\"wpb_wrapper\"><div class=\"wpb_text_column\"><div class=\"wpb_wrapper\"><h1 id=\"projektsteuerung\" style=\"text-align: left;\"><span style=\"color: #033799;\">PROJEKTSTEUERUNG<\/span><\/h1>\n<\/div><\/div><div class=\"g-cols wpb_row via_flex valign_top type_default stacking_default\"><div class=\"vc_col-sm-12 wpb_column vc_column_container\"><div class=\"vc_column-inner\"><div class=\"wpb_wrapper\"><div class=\"wpb_text_column\"><div class=\"wpb_wrapper\"><h4>Professionelles Baumanagement von Anbeginn<\/h4>\n<p><strong>Kosten, Termine und Qualit\u00e4t immer auf Kurs.<\/strong><\/p>\n<p>Als Projektsteuerer stehen wir f\u00fcr unserem Auftraggeber bereits ab der Vorplanung bis zur Inbetriebnahme zur Seite. Wir \u00fcbernehmen alle delegierbaren Bauherrenaufgaben und entlasten sie hierdurch sowohl in zeitlicher als auch fachlicher Sicht.<\/p>\n<p>Unsere Leistungen umfassen das gesamte Leistungsbild der Projektsteuerung nach AHO, wir unterst\u00fctzen Sie unter anderem:<\/p>\n<ul>\n<li>beim Aufbau geeigneter Projektstrukturen und der Definition notwendiger Prozesse<\/li>\n<li>bei der koordinierten Projektorganisation<\/li>\n<li>mit einem proaktivem Kosten- und Termincontrolling<\/li>\n<li>mit einem aussagekr\u00e4ftigen Berichtswesen als Basis f\u00fcr Entscheidungen<\/li>\n<li>beim baubegleitenden Vertragsmanagement<\/li>\n<li>bei der strukturierten Projektdokumentation<\/li>\n<li>mit einem vorausschauenden Risikomanagement<\/li>\n<li>als kaufm\u00e4nnische Bauherrenvertretung.<\/li>\n<\/ul>\n<p>Dank unserer langj\u00e4hrigen Erfahrung bringen wir ihr Projekt als Steuermann ans Ziel.<\/p>\n<\/div><\/div><div class=\"wpb_text_column\"><div class=\"wpb_wrapper\"><\/div><\/div><\/div><\/div><\/div><\/div><\/div><\/div><\/div><\/div><\/div><\/section><section class=\"l-section wpb_row height_small\"><div class=\"l-section-h i-cf\"><div class=\"g-cols vc_row via_flex valign_top type_default stacking_default\"><div class=\"vc_col-sm-12 wpb_column vc_column_container\"><div class=\"vc_column-inner\"><div class=\"wpb_wrapper\"><div class=\"wpb_text_column\"><div class=\"wpb_wrapper\"><h1 id=\"gutachten\" style=\"text-align: left;\"><span style=\"color: #033799;\">BAUBETRIEBLICHE GUTACHTEN<\/span><\/h1>\n<\/div><\/div><div class=\"g-cols wpb_row via_flex valign_top type_default stacking_default\"><div class=\"vc_col-sm-12 wpb_column vc_column_container\"><div class=\"vc_column-inner\"><div class=\"wpb_wrapper\"><div class=\"wpb_text_column\"><div class=\"wpb_wrapper\"><h4>Vom gest\u00f6rten Bauablauf zum Nachtragsmanagement<\/h4>\n<p><strong>Rechtliches Wissen, zielgenaue Analysen und die stichhaltige Bewertung von Mehrkosten und Bauabl\u00e4ufen.<\/strong><\/p>\n<p>Wir analysieren und erstellen fundierte Leistungsbewertungen und baubetriebliche Gutachten. Zunehmender Kosten-und Termindruck f\u00fchren nicht selten zu offenen Forderungen und Konfliktpotential zwischen Auftraggeber und Auftragnehmer. Verfahrene Verhandlungssituationen treffen auf St\u00f6rungssachverhalte mit komplexen Auswirkungen auf den Bauablauf und mit erheblichen Mehrkostenrisiken. Entscheidend ist gerade auch die Perspektive von oben, die Aufbereitung und der \u00dcberblick, den wir uns als neutrale Sachverst\u00e4ndige verschaffen k\u00f6nnen.<\/p>\n<p>Unser Leistungsspektrum erstreckt sich \u00fcber:<\/p>\n<ul>\n<li>Ausschreibungs- und Vertragsanalyse<\/li>\n<li>Analyse von Vertragsterminpl\u00e4nen und Kostenberechnungen<\/li>\n<li>St\u00f6rungsmodifizierte Terminplanfortschreibungen<\/li>\n<li>Monet\u00e4re Bewertung von Leistungsst\u00f6rungen<\/li>\n<li>Rekonstruktion von tats\u00e4chlich eingetretenen Bauabl\u00e4ufen<\/li>\n<li>Aufbereitung von Pr\u00fcf- und Nachtragsunterlagen inkl. zugeh\u00f6riger Dokumentation<\/li>\n<li>Erstellen von Gutachten zu allen baubetrieblichen Fragen, u.a. Behinderungen, Bauzeitst\u00f6rungen, Entsch\u00e4digung, Schadensersatz, bauvertraglichen Regelungen, M\u00e4ngel, Qualit\u00e4ten, etc.<\/li>\n<li>Zusammenstellung, Pr\u00e4sentation und Verhandlung der Ergebnisse.<\/li>\n<\/ul>\n<\/div><\/div><div class=\"wpb_text_column\"><div class=\"wpb_wrapper\"><\/div><\/div><\/div><\/div><\/div><\/div><\/div><\/div><\/div><\/div><\/div><\/section><!-- Row Backgrounds --><div class=\"upb_grad\" data-grad=\"background: -webkit-gradient(linear, left top, left bottom, color-stop(0%, #F2F2F2), color-stop(0%, #F2F2F2), color-stop(100%, #C5C5C5));background: -moz-linear-gradient(top,#F2F2F2 0%,#F2F2F2 0%,#C5C5C5 100%);background: -webkit-linear-gradient(top,#F2F2F2 0%,#F2F2F2 0%,#C5C5C5 100%);background: -o-linear-gradient(top,#F2F2F2 0%,#F2F2F2 0%,#C5C5C5 100%);background: -ms-linear-gradient(top,#F2F2F2 0%,#F2F2F2 0%,#C5C5C5 100%);background: linear-gradient(top,#F2F2F2 0%,#F2F2F2 0%,#C5C5C5 100%);\" data-bg-override=\"0\" data-upb-overlay-color=\"\" data-upb-bg-animation=\"\" data-fadeout=\"\" data-fadeout-percentage=\"30\" data-parallax-content=\"\" data-parallax-content-sense=\"30\" data-row-effect-mobile-disable=\"true\" data-img-parallax-mobile-disable=\"true\" data-rtl=\"false\"  data-custom-vc-row=\"\"  data-vc=\"8.7.2\"  data-is_old_vc=\"\"  data-theme-support=\"\"   data-overlay=\"false\" data-overlay-color=\"\" data-overlay-pattern=\"\" data-overlay-pattern-opacity=\"\" data-overlay-pattern-size=\"\"    ><\/div><section class=\"l-section wpb_row height_small\"><div class=\"l-section-h i-cf\"><div class=\"g-cols vc_row via_flex valign_top type_default stacking_default\"><div class=\"vc_col-sm-12 wpb_column vc_column_container\"><div class=\"vc_column-inner\"><div class=\"wpb_wrapper\"><div class=\"wpb_text_column\"><div class=\"wpb_wrapper\"><h1 id=\"beratung\" style=\"text-align: left;\"><span style=\"color: #033799;\">BAUBEGLEITENDE QUALIT\u00c4TSSICHERUNG<\/span><\/h1>\n<\/div><\/div><div class=\"g-cols wpb_row via_flex valign_top type_default stacking_default\"><div class=\"vc_col-sm-12 wpb_column vc_column_container\"><div class=\"vc_column-inner\"><div class=\"wpb_wrapper\"><div class=\"wpb_text_column\"><div class=\"wpb_wrapper\"><h4>Reibungsloser Bauablauf von der Idee bis zur Abnahme<\/h4>\n<p><strong>Von Anfang an gut beraten.<\/strong><\/p>\n<p>Wir begleiten Ihr Bauprojekt von der Idee bis zum Bezug. Idealerweise starten wir bereits vor Vertragsabschluss, mit Pr\u00fcfung der Baubeschreibung, erfassen in regelm\u00e4\u00dfigen Abst\u00e4nden die fachgerechte und mangelfreie Ausf\u00fchrung der Leistungen bis zur Endabnahme.<\/p>\n<p>Unser Leistungsspektrum erstreckt sich \u00fcber die:<\/p>\n<ul>\n<li>Beratung in allen baubetrieblichen Bereichen wie: Ausschreibung, Vergabe, Durchf\u00fchrung, Abrechnung, etc.<\/li>\n<li>Unterst\u00fctzung und Beratung bei der Vertragsvorbereitung, -gestaltung und -abwicklung (Planungs-, Bauvertr\u00e4ge)<\/li>\n<li>Baubegleitende Beratung zur Projektrealisierung<\/li>\n<li>Dokumentation des Baufortschrittes auf Basis turnusm\u00e4\u00dfiger Begehungen, Erstellen von Bautenstandsberichten mit ausf\u00fchrlicher Fotodokumentation<\/li>\n<li>Baubetriebliche Begleitung von Projekten zur Qualit\u00e4tssicherung<\/li>\n<li>Abnahmevorbereitung und Abnahmebegleitung<\/li>\n<li>Schriftverkehrsanalyse und -unterst\u00fctzung.<\/li>\n<\/ul>\n<\/div><\/div><div class=\"wpb_text_column\"><div class=\"wpb_wrapper\"><\/div><\/div><\/div><\/div><\/div><\/div><\/div><\/div><\/div><\/div><\/div><\/section><!-- Row Backgrounds --><div class=\"upb_color\" data-bg-override=\"0\" data-bg-color=\"#f2f2f2\" data-fadeout=\"\" data-fadeout-percentage=\"30\" data-parallax-content=\"\" data-parallax-content-sense=\"30\" data-row-effect-mobile-disable=\"true\" data-img-parallax-mobile-disable=\"true\" data-rtl=\"false\"  data-custom-vc-row=\"\"  data-vc=\"8.7.2\"  data-is_old_vc=\"\"  data-theme-support=\"\"   data-overlay=\"false\" data-overlay-color=\"\" data-overlay-pattern=\"\" data-overlay-pattern-opacity=\"\" data-overlay-pattern-size=\"\"    ><\/div><section class=\"l-section wpb_row height_small\"><div class=\"l-section-h i-cf\"><div class=\"g-cols vc_row via_flex valign_top type_default stacking_default\"><div class=\"vc_col-sm-12 wpb_column vc_column_container\"><div class=\"vc_column-inner\"><div class=\"wpb_wrapper\"><div class=\"wpb_text_column\"><div class=\"wpb_wrapper\"><h1 id=\"lehre\" style=\"text-align: left;\"><span style=\"color: #033799;\">LEHRE, FORSCHUNG &amp; ENTWICKLUNG<\/span><\/h1>\n<\/div><\/div><div class=\"g-cols wpb_row us_custom_733cf2a7 via_flex valign_top type_default stacking_default\"><div class=\"vc_col-sm-12 wpb_column vc_column_container\"><div class=\"vc_column-inner\"><div class=\"wpb_wrapper\"><div class=\"wpb_text_column\"><div class=\"wpb_wrapper\"><h4>Mit BIM und den Juniors die Digitalisierung des Bauens gestalten<\/h4>\n<p><strong><span style=\"color: #000000;\">Stetige Weiterbildung &#8211; eine Investition, die sich auszahlt.<\/span><\/strong><\/p>\n<p><span style=\"color: #000000;\">Wir betrachten BIM nicht erstrangig als IT-Thema und wir w\u00fcrden es auch nicht als Building Information Modeling bezeichnen. Wir leben es als Building Information Management, unsere eigenen <a style=\"color: #000000;\" href=\"https:\/\/2019.sfirion.de\/software\/\">Softwaretools<\/a> bilden jedoch die technische Basis hierf\u00fcr. Wir setzen diese bei unseren Projektsteuerungsleistungen ein, gewinnen hieraus Informationen zu Prozessen und Abh\u00e4ngigkeiten und k\u00f6nnen diese somit optimieren und effiziente und st\u00f6rungsarme Planung und Projektrealisierung vorantreiben.\u00a0 \u00a0<\/span><\/p>\n<p>Mit dem Ziel die BIM-Methodik weiter voranzubringen, engagieren wir uns im Arbeitskreis BIM bei der Bayerischen Ingenieurekammer Bau. Es liegt uns aber auch am Herzen, sowohl der n\u00e4chsten Generation an Ingenieuren als auch bereits im Gesch\u00e4ft Etablierten neue Methoden, Techniken, aber auch grundlegendes Know-How, vertragsspezifisches oder baurechtliches Wissen zu vermitteln.<\/p>\n<\/div><\/div><div class=\"wpb_text_column\"><div class=\"wpb_wrapper\"><\/div><\/div><\/div><\/div><\/div><\/div><\/div><\/div><\/div><\/div><\/div><\/section>\n","protected":false},"excerpt":{"rendered":"PROJEKTSTEUERUNG Professionelles Baumanagement von Anbeginn Kosten, Termine und Qualit\u00e4t immer auf Kurs. Als Projektsteuerer stehen wir f\u00fcr unserem Auftraggeber bereits ab der Vorplanung bis zur Inbetriebnahme zur Seite. Wir \u00fcbernehmen alle delegierbaren Bauherrenaufgaben und entlasten sie hierdurch sowohl in zeitlicher als auch fachlicher Sicht. Unsere Leistungen umfassen das gesamte Leistungsbild der Projektsteuerung nach AHO, wir...","protected":false},"author":2,"featured_media":0,"parent":0,"menu_order":0,"comment_status":"closed","ping_status":"closed","template":"","meta":{"_crdt_document":"","footnotes":""},"class_list":["post-2059","page","type-page","status-publish","hentry"],"translation":{"provider":"WPGlobus","version":"3.0.2","language":"en","enabled_languages":["de","en"],"languages":{"de":{"title":true,"content":true,"excerpt":false},"en":{"title":false,"content":false,"excerpt":false}}},"_links":{"self":[{"href":"https:\/\/www.sfirion.de\/en\/wp-json\/wp\/v2\/pages\/2059","targetHints":{"allow":["GET"]}}],"collection":[{"href":"https:\/\/www.sfirion.de\/en\/wp-json\/wp\/v2\/pages"}],"about":[{"href":"https:\/\/www.sfirion.de\/en\/wp-json\/wp\/v2\/types\/page"}],"author":[{"embeddable":true,"href":"https:\/\/www.sfirion.de\/en\/wp-json\/wp\/v2\/users\/2"}],"replies":[{"embeddable":true,"href":"https:\/\/www.sfirion.de\/en\/wp-json\/wp\/v2\/comments?post=2059"}],"version-history":[{"count":84,"href":"https:\/\/www.sfirion.de\/en\/wp-json\/wp\/v2\/pages\/2059\/revisions"}],"predecessor-version":[{"id":3674,"href":"https:\/\/www.sfirion.de\/en\/wp-json\/wp\/v2\/pages\/2059\/revisions\/3674"}],"wp:attachment":[{"href":"https:\/\/www.sfirion.de\/en\/wp-json\/wp\/v2\/media?parent=2059"}],"curies":[{"name":"wp","href":"https:\/\/api.w.org\/{rel}","templated":true}]}}